{"id":569,"date":"2024-09-02T07:53:25","date_gmt":"2024-09-02T07:53:25","guid":{"rendered":"https:\/\/ga888guide.com\/about-us\/"},"modified":"2024-09-03T06:32:12","modified_gmt":"2024-09-03T06:32:12","slug":"about-us","status":"publish","type":"page","link":"https:\/\/bingoplusmaxguide.com\/vi\/","title":{"rendered":"V\u1ec1 ch\u00fang t\u00f4i"},"content":{"rendered":"\n<p class=\"has-text-align-center\"><mark style=\"background-color:rgba(0, 0, 0, 0)\" class=\"has-inline-color has-black-color\">GA888 l\u00e0 m\u1ed9t trang web tr\u00f2 ch\u01a1i tr\u1ef1c tuy\u1ebfn h\u00e0ng \u0111\u1ea7u, cung c\u1ea5p c\u00e1 c\u01b0\u1ee3c th\u1ec3 thao, s\u00f2ng b\u1ea1c tr\u1ef1c tuy\u1ebfn v\u00e0 tr\u00f2 ch\u01a1i tr\u1ef1c tuy\u1ebfn. Ch\u00fang t\u00f4i \u0111\u00e3 ph\u1ee5c v\u1ee5 th\u1ecb tr\u01b0\u1eddng Ch\u00e2u \u00c1 Th\u00e1i B\u00ecnh D\u01b0\u01a1ng t\u1eeb n\u0103m 2015. Ch\u00fang t\u00f4i \u0111\u01b0\u1ee3c c\u1ea5p ph\u00e9p v\u00e0 qu\u1ea3n l\u00fd \u0111\u1ea7y \u0111\u1ee7 trong c\u00e1c khu v\u1ef1c ph\u00e1p l\u00fd kh\u00e1c nhau nh\u01b0 \u0111\u00e3 n\u00eau trong \u0110i\u1ec1u kho\u1ea3n v\u00e0 \u0110i\u1ec1u ki\u1ec7n v\u00e0 GA888 ho\u1ea1t \u0111\u1ed9ng nghi\u00eam ng\u1eb7t theo c\u00e1c quy \u0111\u1ecbnh n\u00e0y.<\/mark><\/p>\n\n\n\n<p class=\"has-text-align-center\"><mark style=\"background-color:rgba(0, 0, 0, 0)\" class=\"has-inline-color has-black-color\">M\u00f4i tr\u01b0\u1eddng an to\u00e0n v\u00e0 ri\u00eang t\u01b0 c\u0169ng nh\u01b0 t\u00ednh to\u00e0n v\u1eb9n c\u1ee7a c\u00e1c s\u1ea3n ph\u1ea9m c\u1ee7a ch\u00fang t\u00f4i l\u00e0 nh\u1eefng \u0111\u1ed9ng l\u1ef1c c\u01a1 b\u1ea3n c\u1ee7a tr\u1ea3i nghi\u1ec7m ch\u01a1i tr\u00f2 ch\u01a1i tr\u1ef1c tuy\u1ebfn GA888. Ch\u00fang t\u00f4i c\u00f3 s\u1eb5n c\u00e1c bi\u1ec7n ph\u00e1p b\u1ea3o m\u1eadt ti\u00ean ti\u1ebfn nh\u1ea5t v\u00e0 li\u00ean t\u1ee5c ki\u1ec3m tra c\u00e1c tr\u00f2 ch\u01a1i v\u00e0 quy tr\u00ecnh c\u1ee7a ch\u00fang t\u00f4i \u0111\u1ec3 \u0111\u1ea3m b\u1ea3o tr\u1ea3i nghi\u1ec7m c\u1edd b\u1ea1c tr\u00ean internet ho\u00e0n to\u00e0n an to\u00e0n v\u00e0 c\u00f4ng b\u1eb1ng. Ch\u00fang t\u00f4i gi\u1eef b\u00ed m\u1eadt t\u1ea5t c\u1ea3 th\u00f4ng tin c\u1ee7a b\u1ea1n v\u00e0 ch\u00fang t\u00f4i s\u1ebd kh\u00f4ng bao gi\u1edd chia s\u1ebb ho\u1eb7c b\u00e1n th\u00f4ng tin \u0111\u00f3 cho b\u00ean th\u1ee9 ba, ngo\u1ea1i tr\u1eeb theo Ch\u00ednh s\u00e1ch b\u1ea3o m\u1eadt c\u1ee7a ch\u00fang t\u00f4i.<\/mark><\/p>\n\n\n\n<p class=\"has-text-align-center\">Ch\u00fang t\u00f4i c\u1ed1 g\u1eafng cung c\u1ea5p m\u1ee9c gi\u00e1 t\u1ed1t nh\u1ea5t trong khi bao g\u1ed3m nhi\u1ec1u lo\u1ea1i th\u1ecb tr\u01b0\u1eddng th\u1ec3 thao v\u00e0 c\u00e1c s\u1ef1 ki\u1ec7n th\u1ec3 thao kh\u00e1c tr\u00ean to\u00e0n th\u1ebf gi\u1edbi. Ch\u00fang t\u00f4i cung c\u1ea5p nhi\u1ec1u lo\u1ea1i tr\u00f2 ch\u01a1i tr\u1ef1c ti\u1ebfp v\u00e0 tr\u00f2 ch\u01a1i \u0111\u00e1nh b\u1ea1c trong s\u00f2ng b\u1ea1c c\u1ee7a ch\u00fang t\u00f4i. T\u1ea1i GA888, ch\u00fang t\u00f4i cam k\u1ebft b\u1ea1n s\u1ebd \u0111\u01b0\u1ee3c t\u1eadn h\u01b0\u1edfng tr\u1ea3i nghi\u1ec7m gi\u1ea3i tr\u00ed ch\u01a1i game tr\u1ef1c tuy\u1ebfn \u0111\u1eb3ng c\u1ea5p nh\u1ea5t tr\u00ean th\u1ebf gi\u1edbi.<\/p>\n\n\n\n<p class=\"has-text-align-center\">V\u1edbi b\u1ed9 ph\u1eadn h\u1ed7 tr\u1ee3 kh\u00e1ch h\u00e0ng tr\u1ef1c ti\u1ebfp 24 gi\u1edd, 7 ng\u00e0y m\u1ed7i tu\u1ea7n, \u0111\u1ed9i ng\u0169 nh\u00e2n vi\u00ean th\u00e2n thi\u1ec7n v\u00e0 \u0111\u01b0\u1ee3c \u0111\u00e0o t\u1ea1o chuy\u00ean s\u00e2u c\u1ee7a ch\u00fang t\u00f4i s\u1ebd \u0111\u1ea3m b\u1ea3o r\u1eb1ng m\u1ecdi th\u1eafc m\u1eafc \u0111\u1ec1u \u0111\u01b0\u1ee3c x\u1eed l\u00fd v\u00e0 gi\u1ea3i quy\u1ebft m\u1ed9t c\u00e1ch nhanh ch\u00f3ng, l\u1ecbch s\u1ef1 v\u00e0 hi\u1ec7u qu\u1ea3.<\/p>\n\n\n\n<p class=\"has-text-align-center\">S\u1ee9 m\u1ec7nh c\u1ee7a ch\u00fang t\u00f4i l\u00e0 cung c\u1ea5p tr\u1ea3i nghi\u1ec7m c\u1edd b\u1ea1c tr\u1ef1c tuy\u1ebfn t\u1ed1t nh\u1ea5t cho nh\u1eefng ng\u01b0\u1eddi ch\u01a1i c\u00f3 tr\u00e1ch nhi\u1ec7m, vui l\u00f2ng li\u00ean h\u1ec7 v\u1edbi ch\u00fang t\u00f4i qua \u0111i\u1ec7n tho\u1ea1i ho\u1eb7c email v\u1edbi nh\u1eadn x\u00e9t ho\u1eb7c \u0111\u1ec1 xu\u1ea5t c\u1ee7a b\u1ea1n..<\/p>\n\n\n\n<p class=\"has-text-align-center\">Ch\u00fang t\u00f4i cung c\u1ea5p nhi\u1ec1u ph\u01b0\u01a1ng th\u1ee9c thanh to\u00e1n an to\u00e0n v\u00e0 d\u1ec5 d\u00e0ng \u0111\u1ec3 t\u1ea1o s\u1ef1 thu\u1eadn ti\u1ec7n cho b\u1ea1n. Ch\u00fang t\u00f4i tu\u00e2n th\u1ee7 c\u00e1c ch\u00ednh s\u00e1ch \u201cNh\u1eadn D\u1ea1ng v\u00e0 X\u00e1c Minh kh\u00e1ch h\u00e0ng (KYC)\u201d v\u00e0 ch\u1ed1ng r\u1eeda ti\u1ec1n (AML), \u0111\u1ed3ng th\u1eddi h\u1ee3p t\u00e1c v\u1edbi c\u00e1c c\u01a1 quan qu\u1ea3n l\u00fd v\u00e0 t\u00e0i ch\u00ednh c\u1ee7a b\u00ean th\u1ee9 ba \u0111\u1ec3 \u0111\u1ea3m b\u1ea3o tu\u00e2n th\u1ee7 c\u00e1c ti\u00eau chu\u1ea9n cao nh\u1ea5t.<\/p>\n","protected":false},"excerpt":{"rendered":"<p>GA888 l\u00e0 m\u1ed9t trang web tr\u00f2 ch\u01a1i tr\u1ef1c tuy\u1ebfn h\u00e0ng \u0111\u1ea7u, cung c\u1ea5p c\u00e1 c\u01b0\u1ee3c th\u1ec3 thao, s\u00f2ng b\u1ea1c tr\u1ef1c tuy\u1ebfn v\u00e0 tr\u00f2 ch\u01a1i tr\u1ef1c tuy\u1ebfn. Ch\u00fang t\u00f4i \u0111\u00e3 ph\u1ee5c v\u1ee5 th\u1ecb tr\u01b0\u1eddng Ch\u00e2u \u00c1 Th\u00e1i B\u00ecnh D\u01b0\u01a1ng t\u1eeb n\u0103m 2015. Ch\u00fang t\u00f4i \u0111\u01b0\u1ee3c c\u1ea5p ph\u00e9p v\u00e0 qu\u1ea3n l\u00fd \u0111\u1ea7y \u0111\u1ee7 trong c\u00e1c khu v\u1ef1c [&hellip;]<\/p>\n","protected":false},"author":5,"featured_media":0,"parent":0,"menu_order":0,"comment_status":"closed","ping_status":"closed","template":"","meta":{"_et_pb_use_builder":"off","_et_pb_old_content":"","_et_gb_content_width":"1080","_themeisle_gutenberg_block_has_review":false,"footnotes":""},"class_list":["post-569","page","type-page","status-publish","hentry"],"yoast_head":"<!-- This site is optimized with the Yoast SEO plugin v27.2 - https:\/\/yoast.com\/product\/yoast-seo-wordpress\/ -->\n<title>About Us<\/title>\n<meta name=\"robots\" content=\"index, follow, max-snippet:-1, max-image-preview:large, max-video-preview:-1\" \/>\n<link rel=\"canonical\" href=\"https:\/\/bingoplusmaxguide.com\/\" \/>\n<meta property=\"og:locale\" content=\"vi_VN\" \/>\n<meta property=\"og:type\" content=\"article\" \/>\n<meta property=\"og:title\" content=\"About Us\" \/>\n<meta property=\"og:description\" content=\"GA888 l\u00e0 m\u1ed9t trang web tr\u00f2 ch\u01a1i tr\u1ef1c tuy\u1ebfn h\u00e0ng \u0111\u1ea7u, cung c\u1ea5p c\u00e1 c\u01b0\u1ee3c th\u1ec3 thao, s\u00f2ng b\u1ea1c tr\u1ef1c tuy\u1ebfn v\u00e0 tr\u00f2 ch\u01a1i tr\u1ef1c tuy\u1ebfn. Ch\u00fang t\u00f4i \u0111\u00e3 ph\u1ee5c v\u1ee5 th\u1ecb tr\u01b0\u1eddng Ch\u00e2u \u00c1 Th\u00e1i B\u00ecnh D\u01b0\u01a1ng t\u1eeb n\u0103m 2015. Ch\u00fang t\u00f4i \u0111\u01b0\u1ee3c c\u1ea5p ph\u00e9p v\u00e0 qu\u1ea3n l\u00fd \u0111\u1ea7y \u0111\u1ee7 trong c\u00e1c khu v\u1ef1c [&hellip;]\" \/>\n<meta property=\"og:url\" content=\"https:\/\/bingoplusmaxguide.com\/\" \/>\n<meta property=\"og:site_name\" content=\"Bingo Plus Max Guide\" \/>\n<meta property=\"article:modified_time\" content=\"2024-09-03T06:32:12+00:00\" \/>\n<meta name=\"twitter:card\" content=\"summary_large_image\" \/>\n<meta name=\"twitter:label1\" content=\"Est. reading time\" \/>\n\t<meta name=\"twitter:data1\" content=\"2 minutes\" \/>\n<script type=\"application\/ld+json\" class=\"yoast-schema-graph\">{\"@context\":\"https:\/\/schema.org\",\"@graph\":[{\"@type\":\"WebPage\",\"@id\":\"https:\/\/bingoplusmaxguide.com\/\",\"url\":\"https:\/\/bingoplusmaxguide.com\/\",\"name\":\"About Us\",\"isPartOf\":{\"@id\":\"https:\/\/bingoplusmaxguide.com\/#website\"},\"datePublished\":\"2024-09-02T07:53:25+00:00\",\"dateModified\":\"2024-09-03T06:32:12+00:00\",\"breadcrumb\":{\"@id\":\"https:\/\/bingoplusmaxguide.com\/#breadcrumb\"},\"inLanguage\":\"vi-VN\",\"potentialAction\":[{\"@type\":\"ReadAction\",\"target\":[\"https:\/\/bingoplusmaxguide.com\/\"]}]},{\"@type\":\"BreadcrumbList\",\"@id\":\"https:\/\/bingoplusmaxguide.com\/#breadcrumb\",\"itemListElement\":[{\"@type\":\"ListItem\",\"position\":1,\"name\":\"Home\",\"item\":\"https:\/\/bingoplusmaxguide.com\/\"},{\"@type\":\"ListItem\",\"position\":2,\"name\":\"V\u1ec1 ch\u00fang t\u00f4i\"}]},{\"@type\":\"WebSite\",\"@id\":\"https:\/\/bingoplusmaxguide.com\/#website\",\"url\":\"https:\/\/bingoplusmaxguide.com\/\",\"name\":\"Bingo Plus Max Guide\",\"description\":\"\",\"potentialAction\":[{\"@type\":\"SearchAction\",\"target\":{\"@type\":\"EntryPoint\",\"urlTemplate\":\"https:\/\/bingoplusmaxguide.com\/?s={search_term_string}\"},\"query-input\":{\"@type\":\"PropertyValueSpecification\",\"valueRequired\":true,\"valueName\":\"search_term_string\"}}],\"inLanguage\":\"vi-VN\"}]}<\/script>\n<!-- \/ Yoast SEO plugin. -->","yoast_head_json":{"title":"About Us","robots":{"index":"index","follow":"follow","max-snippet":"max-snippet:-1","max-image-preview":"max-image-preview:large","max-video-preview":"max-video-preview:-1"},"canonical":"https:\/\/bingoplusmaxguide.com\/","og_locale":"vi_VN","og_type":"article","og_title":"About Us","og_description":"GA888 l\u00e0 m\u1ed9t trang web tr\u00f2 ch\u01a1i tr\u1ef1c tuy\u1ebfn h\u00e0ng \u0111\u1ea7u, cung c\u1ea5p c\u00e1 c\u01b0\u1ee3c th\u1ec3 thao, s\u00f2ng b\u1ea1c tr\u1ef1c tuy\u1ebfn v\u00e0 tr\u00f2 ch\u01a1i tr\u1ef1c tuy\u1ebfn. Ch\u00fang t\u00f4i \u0111\u00e3 ph\u1ee5c v\u1ee5 th\u1ecb tr\u01b0\u1eddng Ch\u00e2u \u00c1 Th\u00e1i B\u00ecnh D\u01b0\u01a1ng t\u1eeb n\u0103m 2015. Ch\u00fang t\u00f4i \u0111\u01b0\u1ee3c c\u1ea5p ph\u00e9p v\u00e0 qu\u1ea3n l\u00fd \u0111\u1ea7y \u0111\u1ee7 trong c\u00e1c khu v\u1ef1c [&hellip;]","og_url":"https:\/\/bingoplusmaxguide.com\/","og_site_name":"Bingo Plus Max Guide","article_modified_time":"2024-09-03T06:32:12+00:00","twitter_card":"summary_large_image","twitter_misc":{"Est. reading time":"2 minutes"},"schema":{"@context":"https:\/\/schema.org","@graph":[{"@type":"WebPage","@id":"https:\/\/bingoplusmaxguide.com\/","url":"https:\/\/bingoplusmaxguide.com\/","name":"About Us","isPartOf":{"@id":"https:\/\/bingoplusmaxguide.com\/#website"},"datePublished":"2024-09-02T07:53:25+00:00","dateModified":"2024-09-03T06:32:12+00:00","breadcrumb":{"@id":"https:\/\/bingoplusmaxguide.com\/#breadcrumb"},"inLanguage":"vi-VN","potentialAction":[{"@type":"ReadAction","target":["https:\/\/bingoplusmaxguide.com\/"]}]},{"@type":"BreadcrumbList","@id":"https:\/\/bingoplusmaxguide.com\/#breadcrumb","itemListElement":[{"@type":"ListItem","position":1,"name":"Home","item":"https:\/\/bingoplusmaxguide.com\/"},{"@type":"ListItem","position":2,"name":"V\u1ec1 ch\u00fang t\u00f4i"}]},{"@type":"WebSite","@id":"https:\/\/bingoplusmaxguide.com\/#website","url":"https:\/\/bingoplusmaxguide.com\/","name":"Bingo Plus Max Guide","description":"","potentialAction":[{"@type":"SearchAction","target":{"@type":"EntryPoint","urlTemplate":"https:\/\/bingoplusmaxguide.com\/?s={search_term_string}"},"query-input":{"@type":"PropertyValueSpecification","valueRequired":true,"valueName":"search_term_string"}}],"inLanguage":"vi-VN"}]}},"_links":{"self":[{"href":"https:\/\/bingoplusmaxguide.com\/vi\/wp-json\/wp\/v2\/pages\/569","targetHints":{"allow":["GET"]}}],"collection":[{"href":"https:\/\/bingoplusmaxguide.com\/vi\/wp-json\/wp\/v2\/pages"}],"about":[{"href":"https:\/\/bingoplusmaxguide.com\/vi\/wp-json\/wp\/v2\/types\/page"}],"author":[{"embeddable":true,"href":"https:\/\/bingoplusmaxguide.com\/vi\/wp-json\/wp\/v2\/users\/5"}],"replies":[{"embeddable":true,"href":"https:\/\/bingoplusmaxguide.com\/vi\/wp-json\/wp\/v2\/comments?post=569"}],"version-history":[{"count":3,"href":"https:\/\/bingoplusmaxguide.com\/vi\/wp-json\/wp\/v2\/pages\/569\/revisions"}],"predecessor-version":[{"id":575,"href":"https:\/\/bingoplusmaxguide.com\/vi\/wp-json\/wp\/v2\/pages\/569\/revisions\/575"}],"wp:attachment":[{"href":"https:\/\/bingoplusmaxguide.com\/vi\/wp-json\/wp\/v2\/media?parent=569"}],"curies":[{"name":"wp","href":"https:\/\/api.w.org\/{rel}","templated":true}]}}