{"id":561,"date":"2024-09-02T09:06:47","date_gmt":"2024-09-02T09:06:47","guid":{"rendered":"https:\/\/ga888guide.com\/for-age-18-and-above-only\/"},"modified":"2024-09-03T08:49:14","modified_gmt":"2024-09-03T08:49:14","slug":"for-age-18-and-above-only","status":"publish","type":"page","link":"https:\/\/bingoplusmaxguide.com\/vi\/for-age-18-and-above-only\/","title":{"rendered":"Ch\u1ec9 d\u00e0nh cho ng\u01b0\u1eddi t\u1eeb 18 tu\u1ed5i tr\u1edf l\u00ean?"},"content":{"rendered":"\n<p><strong>Ch\u1ec9 d\u00e0nh cho ng\u01b0\u1eddi t\u1eeb 18 tu\u1ed5i tr\u1edf l\u00ean?<\/strong><\/p>\n\n\n\n<p>GA888 ch\u1ec9 d\u00e0nh cho kh\u00e1ch h\u00e0ng t\u1eeb 18 tu\u1ed5i tr\u1edf l\u00ean. H\u00e0nh vi c\u1ee7a kh\u00e1ch h\u00e0ng d\u01b0\u1edbi 18 tu\u1ed5i m\u1edf t\u00e0i kho\u1ea3n v\u00e0\/ho\u1eb7c \u0111\u00e1nh b\u1ea1c tr\u00ean GA888 \u0111\u01b0\u1ee3c coi l\u00e0 h\u00e0nh vi ph\u1ea1m t\u1ed9i. GA888 th\u1ef1c hi\u1ec7n x\u00e1c minh \u0111\u1ed9 tu\u1ed5i v\u00e0 c\u00f3 quy\u1ec1n th\u1ef1c hi\u1ec7n c\u00e1c x\u00e1c minh \u0111\u00f3 theo quy\u1ebft \u0111\u1ecbnh c\u1ee7a ri\u00eang ch\u00fang t\u00f4i. C\u00f4ng ty c\u00f3 tr\u00e1ch nhi\u1ec7m th\u1ef1c hi\u1ec7n x\u00e1c minh \u0111\u1ed9 tu\u1ed5i v\u00e0 ch\u00fang t\u00f4i r\u1ea5t coi tr\u1ecdng vi\u1ec7c n\u00e0y. Nh\u1eefng kh\u00e1ch h\u00e0ng \u0111\u01b0\u1ee3c y\u00eau c\u1ea7u ho\u00e0n t\u1ea5t x\u00e1c minh \u0111\u1ed9 tu\u1ed5i s\u1ebd kh\u00f4ng th\u1ec3 s\u1eed d\u1ee5ng b\u1ea5t k\u1ef3 d\u1ecbch v\u1ee5 thanh to\u00e1n n\u00e0o c\u1ee7a ch\u00fang t\u00f4i cho \u0111\u1ebfn khi qu\u00e1 tr\u00ecnh x\u00e1c minh \u0111\u1ed9 tu\u1ed5i ho\u00e0n t\u1ea5t. GA888 c\u00f3 quy\u1ec1n t\u1ea1m ng\u1eebng t\u00e0i kho\u1ea3n c\u1ee7a b\u1ea1n trong khi ch\u1edd x\u00e1c minh \u0111\u1ed9 tu\u1ed5i c\u1ee7a b\u1ea1n.<\/p>\n\n\n\n<p>L\u01afU \u00dd: N\u1ebeU PH\u00c1T HI\u1ec6N B\u1ea4T K\u1ef2 KH\u00c1CH H\u00c0NG N\u00c0O D\u01af\u1edaI 18 TU\u1ed4I S\u1eec D\u1ee4NG GA888, C\u00d4NG TY C\u00d3 QUY\u1ec0N CH\u1eb6N T\u00c0I KHO\u1ea2N V\u00c0 M\u1ea4T T\u1ea4T C\u1ea2 TI\u1ec0N TH\u1eaeNG.<\/p>\n\n\n\n<p><strong>H\u1ec7 th\u1ed1ng l\u1ecdc<\/strong><\/p>\n\n\n\n<p>GA888 khuy\u1ebfn kh\u00edch v\u00e0 khuy\u00ean t\u1ea5t c\u1ea3 kh\u00e1ch h\u00e0ng c\u1ee7a m\u00ecnh \u0111\u1ea3m b\u1ea3o r\u1eb1ng tr\u1ebb v\u1ecb th\u00e0nh ni\u00ean s\u1ebd kh\u00f4ng truy c\u1eadp b\u1ea5t k\u1ef3 trang web tr\u00f2 ch\u01a1i \u0111i\u1ec7n t\u1eed n\u00e0o.<\/p>\n\n\n\n<p>Cha m\u1eb9 c\u00f3 th\u1ec3 \u0111i\u1ec1u ch\u1ec9nh quy\u1ec1n truy c\u1eadp internet b\u1eb1ng c\u00e1c gi\u1ea3i ph\u00e1p l\u1ecdc d\u1ef1a tr\u00ean c\u00e1c ti\u00eau ch\u00ed \u0111\u00e3 ch\u1ecdn. V\u1edbi c\u00e1c gi\u1ea3i ph\u00e1p l\u1ecdc, cha m\u1eb9 c\u00f3 th\u1ec3 \u0111i\u1ec1u ch\u1ec9nh quy\u1ec1n truy c\u1eadp internet v\u00e0 ng\u0103n tr\u1ebb v\u1ecb th\u00e0nh ni\u00ean truy c\u1eadp c\u00e1c trang web tr\u00f2 ch\u01a1i \u0111i\u1ec7n t\u1eed. C\u00e1c gi\u1ea3i ph\u00e1p l\u1ecdc c\u00f3 th\u1ec3 t\u1eeb ch\u1ed1i quy\u1ec1n truy c\u1eadp v\u00e0o GA888 sau khi ph\u00e1t hi\u1ec7n n\u1ed9i dung tr\u00ean trang web c\u1ee7a ch\u00fang t\u00f4i v\u00e0 c\u00e1c gi\u1ea3i ph\u00e1p c\u00f3 th\u1ec3 th\u1ef1c hi\u1ec7n \u0111i\u1ec1u \u0111\u00f3 v\u00ec ch\u00fang t\u00f4i g\u1eafn nh\u00e3n trang web c\u1ee7a m\u00ecnh. N\u1ebfu thi\u1ebft b\u1ecb c\u1ee7a b\u1ea1n \u0111\u01b0\u1ee3c chia s\u1ebb gi\u1eefa gia \u0111\u00ecnh v\u00e0 b\u1ea1n b\u00e8 l\u00e0 tr\u1ebb v\u1ecb th\u00e0nh ni\u00ean, vui l\u00f2ng c\u00e2n nh\u1eafc s\u1eed d\u1ee5ng c\u00e1c gi\u1ea3i ph\u00e1p l\u1ecdc c\u1ee7a ph\u1ee5 huynh \u0111\u1ec3 t\u1eeb ch\u1ed1i quy\u1ec1n truy c\u1eadp v\u00e0o GA888.<\/p>\n","protected":false},"excerpt":{"rendered":"<p>Ch\u1ec9 d\u00e0nh cho ng\u01b0\u1eddi t\u1eeb 18 tu\u1ed5i tr\u1edf l\u00ean? GA888 ch\u1ec9 d\u00e0nh cho kh\u00e1ch h\u00e0ng t\u1eeb 18 tu\u1ed5i tr\u1edf l\u00ean. H\u00e0nh vi c\u1ee7a kh\u00e1ch h\u00e0ng d\u01b0\u1edbi 18 tu\u1ed5i m\u1edf t\u00e0i kho\u1ea3n v\u00e0\/ho\u1eb7c \u0111\u00e1nh b\u1ea1c tr\u00ean GA888 \u0111\u01b0\u1ee3c coi l\u00e0 h\u00e0nh vi ph\u1ea1m t\u1ed9i. GA888 th\u1ef1c hi\u1ec7n x\u00e1c minh \u0111\u1ed9 tu\u1ed5i v\u00e0 c\u00f3 quy\u1ec1n th\u1ef1c hi\u1ec7n [&hellip;]<\/p>\n","protected":false},"author":5,"featured_media":0,"parent":0,"menu_order":0,"comment_status":"closed","ping_status":"closed","template":"","meta":{"_et_pb_use_builder":"off","_et_pb_old_content":"","_et_gb_content_width":"1080","_themeisle_gutenberg_block_has_review":false,"footnotes":""},"class_list":["post-561","page","type-page","status-publish","hentry"],"yoast_head":"<!-- This site is optimized with the Yoast SEO plugin v27.2 - https:\/\/yoast.com\/product\/yoast-seo-wordpress\/ -->\n<title>For age 18 and above only<\/title>\n<meta name=\"robots\" content=\"index, follow, max-snippet:-1, max-image-preview:large, max-video-preview:-1\" \/>\n<link rel=\"canonical\" href=\"https:\/\/bingoplusmaxguide.com\/for-age-18-and-above-only\/\" \/>\n<meta property=\"og:locale\" content=\"vi_VN\" \/>\n<meta property=\"og:type\" content=\"article\" \/>\n<meta property=\"og:title\" content=\"For age 18 and above only\" \/>\n<meta property=\"og:description\" content=\"Ch\u1ec9 d\u00e0nh cho ng\u01b0\u1eddi t\u1eeb 18 tu\u1ed5i tr\u1edf l\u00ean? GA888 ch\u1ec9 d\u00e0nh cho kh\u00e1ch h\u00e0ng t\u1eeb 18 tu\u1ed5i tr\u1edf l\u00ean. H\u00e0nh vi c\u1ee7a kh\u00e1ch h\u00e0ng d\u01b0\u1edbi 18 tu\u1ed5i m\u1edf t\u00e0i kho\u1ea3n v\u00e0\/ho\u1eb7c \u0111\u00e1nh b\u1ea1c tr\u00ean GA888 \u0111\u01b0\u1ee3c coi l\u00e0 h\u00e0nh vi ph\u1ea1m t\u1ed9i. GA888 th\u1ef1c hi\u1ec7n x\u00e1c minh \u0111\u1ed9 tu\u1ed5i v\u00e0 c\u00f3 quy\u1ec1n th\u1ef1c hi\u1ec7n [&hellip;]\" \/>\n<meta property=\"og:url\" content=\"https:\/\/bingoplusmaxguide.com\/for-age-18-and-above-only\/\" \/>\n<meta property=\"og:site_name\" content=\"Bingo Plus Max Guide\" \/>\n<meta property=\"article:modified_time\" content=\"2024-09-03T08:49:14+00:00\" \/>\n<meta name=\"twitter:card\" content=\"summary_large_image\" \/>\n<meta name=\"twitter:label1\" content=\"Est. reading time\" \/>\n\t<meta name=\"twitter:data1\" content=\"2 minutes\" \/>\n<script type=\"application\/ld+json\" class=\"yoast-schema-graph\">{\"@context\":\"https:\/\/schema.org\",\"@graph\":[{\"@type\":\"WebPage\",\"@id\":\"https:\/\/bingoplusmaxguide.com\/for-age-18-and-above-only\/\",\"url\":\"https:\/\/bingoplusmaxguide.com\/for-age-18-and-above-only\/\",\"name\":\"For age 18 and above only\",\"isPartOf\":{\"@id\":\"https:\/\/bingoplusmaxguide.com\/#website\"},\"datePublished\":\"2024-09-02T09:06:47+00:00\",\"dateModified\":\"2024-09-03T08:49:14+00:00\",\"breadcrumb\":{\"@id\":\"https:\/\/bingoplusmaxguide.com\/for-age-18-and-above-only\/#breadcrumb\"},\"inLanguage\":\"vi-VN\",\"potentialAction\":[{\"@type\":\"ReadAction\",\"target\":[\"https:\/\/bingoplusmaxguide.com\/for-age-18-and-above-only\/\"]}]},{\"@type\":\"BreadcrumbList\",\"@id\":\"https:\/\/bingoplusmaxguide.com\/for-age-18-and-above-only\/#breadcrumb\",\"itemListElement\":[{\"@type\":\"ListItem\",\"position\":1,\"name\":\"Home\",\"item\":\"https:\/\/bingoplusmaxguide.com\/\"},{\"@type\":\"ListItem\",\"position\":2,\"name\":\"Ch\u1ec9 d\u00e0nh cho ng\u01b0\u1eddi t\u1eeb 18 tu\u1ed5i tr\u1edf l\u00ean?\"}]},{\"@type\":\"WebSite\",\"@id\":\"https:\/\/bingoplusmaxguide.com\/#website\",\"url\":\"https:\/\/bingoplusmaxguide.com\/\",\"name\":\"Bingo Plus Max Guide\",\"description\":\"\",\"potentialAction\":[{\"@type\":\"SearchAction\",\"target\":{\"@type\":\"EntryPoint\",\"urlTemplate\":\"https:\/\/bingoplusmaxguide.com\/?s={search_term_string}\"},\"query-input\":{\"@type\":\"PropertyValueSpecification\",\"valueRequired\":true,\"valueName\":\"search_term_string\"}}],\"inLanguage\":\"vi-VN\"}]}<\/script>\n<!-- \/ Yoast SEO plugin. -->","yoast_head_json":{"title":"For age 18 and above only","robots":{"index":"index","follow":"follow","max-snippet":"max-snippet:-1","max-image-preview":"max-image-preview:large","max-video-preview":"max-video-preview:-1"},"canonical":"https:\/\/bingoplusmaxguide.com\/for-age-18-and-above-only\/","og_locale":"vi_VN","og_type":"article","og_title":"For age 18 and above only","og_description":"Ch\u1ec9 d\u00e0nh cho ng\u01b0\u1eddi t\u1eeb 18 tu\u1ed5i tr\u1edf l\u00ean? GA888 ch\u1ec9 d\u00e0nh cho kh\u00e1ch h\u00e0ng t\u1eeb 18 tu\u1ed5i tr\u1edf l\u00ean. H\u00e0nh vi c\u1ee7a kh\u00e1ch h\u00e0ng d\u01b0\u1edbi 18 tu\u1ed5i m\u1edf t\u00e0i kho\u1ea3n v\u00e0\/ho\u1eb7c \u0111\u00e1nh b\u1ea1c tr\u00ean GA888 \u0111\u01b0\u1ee3c coi l\u00e0 h\u00e0nh vi ph\u1ea1m t\u1ed9i. GA888 th\u1ef1c hi\u1ec7n x\u00e1c minh \u0111\u1ed9 tu\u1ed5i v\u00e0 c\u00f3 quy\u1ec1n th\u1ef1c hi\u1ec7n [&hellip;]","og_url":"https:\/\/bingoplusmaxguide.com\/for-age-18-and-above-only\/","og_site_name":"Bingo Plus Max Guide","article_modified_time":"2024-09-03T08:49:14+00:00","twitter_card":"summary_large_image","twitter_misc":{"Est. reading time":"2 minutes"},"schema":{"@context":"https:\/\/schema.org","@graph":[{"@type":"WebPage","@id":"https:\/\/bingoplusmaxguide.com\/for-age-18-and-above-only\/","url":"https:\/\/bingoplusmaxguide.com\/for-age-18-and-above-only\/","name":"For age 18 and above only","isPartOf":{"@id":"https:\/\/bingoplusmaxguide.com\/#website"},"datePublished":"2024-09-02T09:06:47+00:00","dateModified":"2024-09-03T08:49:14+00:00","breadcrumb":{"@id":"https:\/\/bingoplusmaxguide.com\/for-age-18-and-above-only\/#breadcrumb"},"inLanguage":"vi-VN","potentialAction":[{"@type":"ReadAction","target":["https:\/\/bingoplusmaxguide.com\/for-age-18-and-above-only\/"]}]},{"@type":"BreadcrumbList","@id":"https:\/\/bingoplusmaxguide.com\/for-age-18-and-above-only\/#breadcrumb","itemListElement":[{"@type":"ListItem","position":1,"name":"Home","item":"https:\/\/bingoplusmaxguide.com\/"},{"@type":"ListItem","position":2,"name":"Ch\u1ec9 d\u00e0nh cho ng\u01b0\u1eddi t\u1eeb 18 tu\u1ed5i tr\u1edf l\u00ean?"}]},{"@type":"WebSite","@id":"https:\/\/bingoplusmaxguide.com\/#website","url":"https:\/\/bingoplusmaxguide.com\/","name":"Bingo Plus Max Guide","description":"","potentialAction":[{"@type":"SearchAction","target":{"@type":"EntryPoint","urlTemplate":"https:\/\/bingoplusmaxguide.com\/?s={search_term_string}"},"query-input":{"@type":"PropertyValueSpecification","valueRequired":true,"valueName":"search_term_string"}}],"inLanguage":"vi-VN"}]}},"_links":{"self":[{"href":"https:\/\/bingoplusmaxguide.com\/vi\/wp-json\/wp\/v2\/pages\/561","targetHints":{"allow":["GET"]}}],"collection":[{"href":"https:\/\/bingoplusmaxguide.com\/vi\/wp-json\/wp\/v2\/pages"}],"about":[{"href":"https:\/\/bingoplusmaxguide.com\/vi\/wp-json\/wp\/v2\/types\/page"}],"author":[{"embeddable":true,"href":"https:\/\/bingoplusmaxguide.com\/vi\/wp-json\/wp\/v2\/users\/5"}],"replies":[{"embeddable":true,"href":"https:\/\/bingoplusmaxguide.com\/vi\/wp-json\/wp\/v2\/comments?post=561"}],"version-history":[{"count":2,"href":"https:\/\/bingoplusmaxguide.com\/vi\/wp-json\/wp\/v2\/pages\/561\/revisions"}],"predecessor-version":[{"id":615,"href":"https:\/\/bingoplusmaxguide.com\/vi\/wp-json\/wp\/v2\/pages\/561\/revisions\/615"}],"wp:attachment":[{"href":"https:\/\/bingoplusmaxguide.com\/vi\/wp-json\/wp\/v2\/media?parent=561"}],"curies":[{"name":"wp","href":"https:\/\/api.w.org\/{rel}","templated":true}]}}