{"id":559,"date":"2024-09-02T09:13:00","date_gmt":"2024-09-02T09:13:00","guid":{"rendered":"https:\/\/ga888guide.com\/kyc-policy-of-ga888\/"},"modified":"2024-09-03T09:02:57","modified_gmt":"2024-09-03T09:02:57","slug":"kyc-policy-of-ga888","status":"publish","type":"page","link":"https:\/\/bingoplusmaxguide.com\/vi\/kyc-policy-of-ga888\/","title":{"rendered":"Ch\u00ednh s\u00e1ch x\u00e1c minh th\u00f4ng tin t\u00e0i kho\u1ea3n c\u1ee7a GA888"},"content":{"rendered":"\n<p>C\u1eadp nh\u1eadt l\u1ea7n cu\u1ed1i: 23\/11\/2022<\/p>\n\n\n\n<p>Khi ng\u01b0\u1eddi ch\u01a1i c\u00f3 t\u1ed5ng s\u1ed1 ti\u1ec1n g\u1eedi trong to\u00e0n b\u1ed9 th\u1eddi gian k\u1ec3 t\u1eeb khi tham gia t\u1ea1i MCW v\u01b0\u1ee3t qu\u00e1 2000 EUR ho\u1eb7c y\u00eau c\u1ea7u r\u00fat b\u1ea5t k\u1ef3 s\u1ed1 ti\u1ec1n n\u00e0o t\u1ea1i \u0111\u1ecba ch\u1ec9 https:\/\/mcwlink.co\/mcwguidevn, th\u00ec h\u1ecd b\u1eaft bu\u1ed9c ph\u1ea3i th\u1ef1c hi\u1ec7n quy tr\u00ecnh x\u00e1c minh th\u00f4ng tin t\u00e0i kho\u1ea3n \u0111\u1ea7y \u0111\u1ee7.<\/p>\n\n\n\n<p>Trong qu\u00e1 tr\u00ecnh n\u00e0y, ng\u01b0\u1eddi ch\u01a1i s\u1ebd ph\u1ea3i nh\u1eadp m\u1ed9t s\u1ed1 chi ti\u1ebft v\u1ec1 th\u00f4ng tin c\u01a1 b\u1ea3n c\u1ee7a b\u1ea3n th\u00e2n v\u00e0 sau \u0111\u00f3 t\u1ea3i l\u00ean:<\/p>\n\n\n\n<p>1) Gi\u1ea5y t\u1edd nh\u1eadn d\u1ea1ng \u0111\u01b0\u1ee3c cung c\u1ea5p b\u1edfi Ch\u00ednh Ph\u1ee7 (c\u1ea3 m\u1eb7t tr\u01b0\u1edbc v\u00e0 m\u1eb7t sau)<\/p>\n\n\n\n<p>2) Ch\u1ee5p m\u1ed9t b\u1ee9c \u1ea3nh t\u1ef1 s\u01b0\u1edbng tr\u00ean tay c\u1ea7m gi\u1ea5y t\u1edd nh\u1eadn d\u1ea1ng<\/p>\n\n\n\n<p>3) Sao k\u00ea ng\u00e2n h\u00e0ng \/ Ho\u00e1 \u0111\u01a1n \u0111i\u1ec7n, n\u01b0\u1edbc, internet (m\u1ed9t trong 3 ho\u00e1 \u0111\u01a1n)<\/p>\n\n\n\n<p>Sau khi t\u1ea3i l\u00ean, ng\u01b0\u1eddi ch\u01a1i s\u1ebd nh\u1eadn \u0111\u01b0\u1ee3c th\u00f4ng b\u00e1o \u201c\u0110\u01b0\u1ee3c ph\u00ea duy\u1ec7t t\u1ea1m th\u1eddi\u201d v\u00e0 c\u00e1c th\u00f4ng tin b\u1ea1n v\u1eeba t\u1ea3i l\u00ean gi\u1edd \u0111\u00e2y s\u1ebd \u0111\u01b0\u1ee3c ch\u00fang t\u00f4i x\u00e9t duy\u1ec7t v\u00e0 \u201cNh\u00f3m x\u00e1c minh\u201d c\u1ee7a ch\u00fang t\u00f4i s\u1ebd c\u00f3 24 gi\u1edd \u0111\u1ec3 xem x\u00e9t ch\u00fang v\u00e0 g\u1eedi email cho ng\u01b0\u1eddi d\u00f9ng 1 trong 2 k\u1ebft qu\u1ea3:<\/p>\n\n\n\n<p>\u2022 Ph\u00ea duy\u1ec7t<\/p>\n\n\n\n<p>\u2022 T\u1eeb ch\u1ed1i<\/p>\n\n\n\n<p>\u2022 C\u1ea7n th\u00eam th\u00f4ng tin \u2013 Kh\u00f4ng thay \u0111\u1ed5i Tr\u1ea1ng th\u00e1i<\/p>\n\n\n\n<p>Khi ng\u01b0\u1eddi d\u00f9ng \u1edf Tr\u1ea1ng th\u00e1i \u201c\u0110\u01b0\u1ee3c ph\u00ea duy\u1ec7t t\u1ea1m th\u1eddi\u201d th\u00ec:<\/p>\n\n\n\n<p>\u2022 H\u1ecd c\u00f3 th\u1ec3 s\u1eed d\u1ee5ng n\u1ec1n t\u1ea3ng m\u1ed9t c\u00e1ch b\u00ecnh th\u01b0\u1eddng<\/p>\n\n\n\n<p>\u2022 H\u1ecd kh\u00f4ng th\u1ec3 g\u1eedi ti\u1ec1n v\u1edbi s\u1ed1 ti\u1ec1n t\u1ed5ng c\u1ed9ng h\u01a1n 500 EUR<\/p>\n\n\n\n<p>\u2022 H\u1ecd kh\u00f4ng th\u1ec3 ho\u00e0n th\u00e0nh b\u1ea5t k\u1ef3 giao d\u1ecbch r\u00fat ti\u1ec1n n\u00e0o<\/p>\n\n\n\n<p><strong>H\u01b0\u1edbng d\u1eabn cho \u201cQuy tr\u00ecnh x\u00e1c minh t\u00e0i kho\u1ea3n\u201d<\/strong><\/p>\n\n\n\n<p>1) Gi\u1ea5y t\u1edd nh\u1eadn d\u1ea1ng<\/p>\n\n\n\n<p>a. Ph\u1ea3i c\u00f3 ch\u1eef k\u00fd<\/p>\n\n\n\n<p>b. Qu\u1ed1c gia kh\u00f4ng ph\u1ea3i l\u00e0 Qu\u1ed1c gia b\u1ecb h\u1ea1n ch\u1ebf: H\u1ee3p ch\u1ee7ng qu\u1ed1c Hoa K\u1ef3 v\u00e0 c\u00e1c v\u00f9ng l\u00e3nh th\u1ed5 c\u1ee7a n\u00f3, Ph\u00e1p v\u00e0 c\u00e1c v\u00f9ng l\u00e3nh th\u1ed5 c\u1ee7a n\u00f3, H\u00e0 Lan v\u00e0 c\u00e1c v\u00f9ng l\u00e3nh th\u1ed5 c\u1ee7a n\u00f3 v\u00e0 c\u00e1c qu\u1ed1c gia t\u1ea1o th\u00e0nh V\u01b0\u01a1ng qu\u1ed1c H\u00e0 Lan bao g\u1ed3m Bonaire, Sint Eustatius, Saba, Aruba, Curacao v\u00e0 Sint Maarten, Australia v\u00e0 c\u00e1c v\u00f9ng l\u00e3nh th\u1ed5 c\u1ee7a n\u00f3 l\u00e3nh th\u1ed5, V\u01b0\u01a1ng qu\u1ed1c Li\u00ean hi\u1ec7p Anh, B\u1eafc Ireland, T\u00e2y Ban Nha.<\/p>\n\n\n\n<p>c. T\u00ean \u0111\u1ea7y \u0111\u1ee7 kh\u1edbp v\u1edbi t\u00ean c\u1ee7a ng\u01b0\u1eddi ch\u01a1i<\/p>\n\n\n\n<p>d. T\u00e0i li\u1ec7u kh\u00f4ng h\u1ebft h\u1ea1n trong 3 th\u00e1ng ti\u1ebfp theo<\/p>\n\n\n\n<p>e. Ch\u1ee7 s\u1edf h\u1eefu tr\u00ean 18 tu\u1ed5i<\/p>\n\n\n\n<p>2) Gi\u1ea5y t\u1edd li\u00ean quan \u0111\u1ebfn c\u01b0 tr\u00fa<\/p>\n\n\n\n<p>a. Sao k\u00ea ng\u00e2n h\u00e0ng ho\u1eb7c h\u00f3a \u0111\u01a1n ti\u1ec7n \u00edch<\/p>\n\n\n\n<p>b. Qu\u1ed1c gia kh\u00f4ng ph\u1ea3i l\u00e0 Qu\u1ed1c gia b\u1ecb h\u1ea1n ch\u1ebf: H\u1ee3p ch\u1ee7ng qu\u1ed1c Hoa K\u1ef3 v\u00e0 c\u00e1c v\u00f9ng l\u00e3nh th\u1ed5 c\u1ee7a n\u00f3, Ph\u00e1p v\u00e0 c\u00e1c v\u00f9ng l\u00e3nh th\u1ed5 c\u1ee7a n\u00f3, H\u00e0 Lan v\u00e0 c\u00e1c v\u00f9ng l\u00e3nh th\u1ed5 c\u1ee7a n\u00f3 v\u00e0 c\u00e1c qu\u1ed1c gia t\u1ea1o th\u00e0nh V\u01b0\u01a1ng qu\u1ed1c H\u00e0 Lan bao g\u1ed3m Bonaire, Sint Eustatius, Saba, Aruba, Curacao v\u00e0 Sint Maarten, Australia v\u00e0 c\u00e1c v\u00f9ng l\u00e3nh th\u1ed5 c\u1ee7a n\u00f3 l\u00e3nh th\u1ed5, V\u01b0\u01a1ng qu\u1ed1c Li\u00ean hi\u1ec7p Anh, B\u1eafc Ireland, \u00c1o, \u0110\u1ee9c, T\u00e2y Ban Nha v\u00e0 S\u00edp.<\/p>\n\n\n\n<p>c. T\u00ean \u0111\u1ea7y \u0111\u1ee7 kh\u1edbp v\u1edbi t\u00ean c\u1ee7a ng\u01b0\u1eddi ch\u01a1i v\u00e0 gi\u1ed1ng nh\u01b0 trong gi\u1ea5y t\u1edd nh\u1eadn d\u1ea1ng.<\/p>\n\n\n\n<p>d. Ng\u00e0y c\u1ea5p: Trong 3 th\u00e1ng g\u1ea7n \u0111\u00e2y<\/p>\n\n\n\n<p>3) Ch\u1ee5p \u1ea3nh t\u1ef1 s\u01b0\u1edbng v\u1edbi gi\u1ea5y t\u1edd nh\u1eadn d\u1ea1ng<\/p>\n\n\n\n<p>a. Ph\u1ea3i b\u1eaft bu\u1ed9c l\u00e0 c\u00f9ng m\u1ed9t ng\u01b0\u1eddi v\u1edbi nh\u1eefng t\u00e0i li\u1ec7u \u0111\u00e3 cung c\u1ea5p \u1edf tr\u00ean (Gi\u1ea5y t\u1edd nh\u1eadn d\u1ea1ng \/ Gi\u1ea5y t\u1edd c\u01b0 tr\u00fa)<\/p>\n\n\n\n<p>b. \u0110\u1ea3m b\u1ea3o gi\u1ea5y t\u1edd nh\u1eadn d\u1ea1ng \u0111\u01b0\u1ee3c c\u1ea7m ch\u1ee5p ph\u1ea3i kh\u1edbp th\u00f4ng tin v\u1edbi gi\u1ea5y t\u1edd nh\u1eadn d\u1ea1ng \u0111\u00e3 cung c\u1ea5p \u1edf m\u1ee5c 1<\/p>\n\n\n\n<p><strong>L\u01b0u \u00fd v\u1ec1 \u201cQuy tr\u00ecnh x\u00e1c minh t\u00e0i kho\u1ea3n\u201d<\/strong><\/p>\n\n\n\n<p>1) Khi quy tr\u00ecnh x\u00e1c minh t\u00e0i kho\u1ea3n kh\u00f4ng th\u00e0nh c\u00f4ng th\u00ec l\u00fd do s\u1ebd \u0111\u01b0\u1ee3c ghi l\u1ea1i v\u00e0 m\u1ed9t v\u00e9 h\u1ed7 tr\u1ee3 s\u1ebd \u0111\u01b0\u1ee3c t\u1ea1o trong h\u1ec7 th\u1ed1ng. S\u1ed1 v\u00e9 c\u00f9ng v\u1edbi l\u1eddi gi\u1ea3i th\u00edch s\u1ebd \u0111\u01b0\u1ee3c th\u00f4ng b\u00e1o l\u1ea1i cho ng\u01b0\u1eddi d\u00f9ng.<\/p>\n\n\n\n<p>2) Sau khi ch\u00fang t\u00f4i nh\u1eadn \u0111\u01b0\u1ee3c t\u1ea5t c\u1ea3 c\u00e1c th\u00f4ng tin th\u00edch h\u1ee3p th\u00ec t\u00e0i kho\u1ea3n s\u1ebd \u0111\u01b0\u1ee3c ch\u1ea5p thu\u1eadn.<\/p>\n\n\n\n<p><strong>\u201cC\u00e1c bi\u1ec7n ph\u00e1p ch\u1ed1ng r\u1eeda ti\u1ec1n kh\u00e1c\u201d<\/strong><\/p>\n\n\n\n<p>1) N\u1ebfu ng\u01b0\u1eddi d\u00f9ng ch\u01b0a v\u01b0\u1ee3t qua quy tr\u00ecnh x\u00e1c minh t\u00e0i kho\u1ea3n \u0111\u1ea7y \u0111\u1ee7 th\u00ec h\u1ecd kh\u00f4ng th\u1ec3 g\u1eedi th\u00eam ho\u1eb7c r\u00fat b\u1ea5t k\u1ef3 s\u1ed1 ti\u1ec1n n\u00e0o.<\/p>\n\n\n\n<p>2) N\u1ebfu ng\u01b0\u1eddi d\u00f9ng \u0111\u00e3 v\u01b0\u1ee3t qua quy tr\u00ecnh x\u00e1c minh t\u00e0i kho\u1ea3n th\u00e0nh c\u00f4ng th\u00ec<\/p>\n\n\n\n<p>a. C\u00f3 gi\u1edbi h\u1ea1n ti\u1ec1n g\u1eedi cho m\u1ed7i giao d\u1ecbch (t\u1ed1i \u0111a 2.000 EUR).<\/p>\n\n\n\n<p>b. Tr\u01b0\u1edbc b\u1ea5t k\u1ef3 l\u1ea7n r\u00fat ti\u1ec1n n\u00e0o, \u0111\u1ec1u c\u00f3 ki\u1ec3m tra th\u1ee7 c\u00f4ng v\u00e0 thu\u1eadt to\u00e1n chi ti\u1ebft v\u1ec1 ho\u1ea1t \u0111\u1ed9ng v\u00e0 s\u1ed1 d\u01b0 c\u1ee7a ng\u01b0\u1eddi d\u00f9ng \u0111\u1ec3 xem li\u1ec7u s\u1ed1 ti\u1ec1n \u0111\u01b0\u1ee3c r\u00fat c\u00f3 ph\u1ea3i l\u00e0 k\u1ebft qu\u1ea3 c\u1ee7a ho\u1ea1t \u0111\u1ed9ng ph\u00f9 h\u1ee3p trong n\u1ec1n t\u1ea3ng hay kh\u00f4ng.<\/p>\n\n\n\n<p>3) Trong m\u1ecdi tr\u01b0\u1eddng h\u1ee3p, ng\u01b0\u1eddi d\u00f9ng kh\u00f4ng th\u1ec3 chuy\u1ec3n ti\u1ec1n tr\u1ef1c ti\u1ebfp cho ng\u01b0\u1eddi d\u00f9ng kh\u00e1c.<\/p>\n","protected":false},"excerpt":{"rendered":"<p>C\u1eadp nh\u1eadt l\u1ea7n cu\u1ed1i: 23\/11\/2022 Khi ng\u01b0\u1eddi ch\u01a1i c\u00f3 t\u1ed5ng s\u1ed1 ti\u1ec1n g\u1eedi trong to\u00e0n b\u1ed9 th\u1eddi gian k\u1ec3 t\u1eeb khi tham gia t\u1ea1i MCW v\u01b0\u1ee3t qu\u00e1 2000 EUR ho\u1eb7c y\u00eau c\u1ea7u r\u00fat b\u1ea5t k\u1ef3 s\u1ed1 ti\u1ec1n n\u00e0o t\u1ea1i \u0111\u1ecba ch\u1ec9 https:\/\/mcwlink.co\/mcwguidevn, th\u00ec h\u1ecd b\u1eaft bu\u1ed9c ph\u1ea3i th\u1ef1c hi\u1ec7n quy tr\u00ecnh x\u00e1c minh th\u00f4ng tin [&hellip;]<\/p>\n","protected":false},"author":5,"featured_media":0,"parent":0,"menu_order":0,"comment_status":"closed","ping_status":"closed","template":"","meta":{"_et_pb_use_builder":"off","_et_pb_old_content":"","_et_gb_content_width":"1080","_themeisle_gutenberg_block_has_review":false,"footnotes":""},"class_list":["post-559","page","type-page","status-publish","hentry"],"yoast_head":"<!-- This site is optimized with the Yoast SEO plugin v27.2 - https:\/\/yoast.com\/product\/yoast-seo-wordpress\/ -->\n<title>KYC policy of GA888<\/title>\n<meta name=\"robots\" content=\"index, follow, max-snippet:-1, max-image-preview:large, max-video-preview:-1\" \/>\n<link rel=\"canonical\" href=\"https:\/\/bingoplusmaxguide.com\/kyc-policy-of-bpm\/\" \/>\n<meta property=\"og:locale\" content=\"vi_VN\" \/>\n<meta property=\"og:type\" content=\"article\" \/>\n<meta property=\"og:title\" content=\"KYC policy of GA888\" \/>\n<meta property=\"og:description\" content=\"C\u1eadp nh\u1eadt l\u1ea7n cu\u1ed1i: 23\/11\/2022 Khi ng\u01b0\u1eddi ch\u01a1i c\u00f3 t\u1ed5ng s\u1ed1 ti\u1ec1n g\u1eedi trong to\u00e0n b\u1ed9 th\u1eddi gian k\u1ec3 t\u1eeb khi tham gia t\u1ea1i MCW v\u01b0\u1ee3t qu\u00e1 2000 EUR ho\u1eb7c y\u00eau c\u1ea7u r\u00fat b\u1ea5t k\u1ef3 s\u1ed1 ti\u1ec1n n\u00e0o t\u1ea1i \u0111\u1ecba ch\u1ec9 https:\/\/mcwlink.co\/mcwguidevn, th\u00ec h\u1ecd b\u1eaft bu\u1ed9c ph\u1ea3i th\u1ef1c hi\u1ec7n quy tr\u00ecnh x\u00e1c minh th\u00f4ng tin [&hellip;]\" \/>\n<meta property=\"og:url\" content=\"https:\/\/bingoplusmaxguide.com\/kyc-policy-of-bpm\/\" \/>\n<meta property=\"og:site_name\" content=\"Bingo Plus Max Guide\" \/>\n<meta property=\"article:modified_time\" content=\"2024-09-03T09:02:57+00:00\" \/>\n<meta name=\"twitter:card\" content=\"summary_large_image\" \/>\n<meta name=\"twitter:label1\" content=\"Est. reading time\" \/>\n\t<meta name=\"twitter:data1\" content=\"4 minutes\" \/>\n<script type=\"application\/ld+json\" class=\"yoast-schema-graph\">{\"@context\":\"https:\/\/schema.org\",\"@graph\":[{\"@type\":\"WebPage\",\"@id\":\"https:\/\/bingoplusmaxguide.com\/kyc-policy-of-bpm\/\",\"url\":\"https:\/\/bingoplusmaxguide.com\/kyc-policy-of-bpm\/\",\"name\":\"KYC policy of GA888\",\"isPartOf\":{\"@id\":\"https:\/\/bingoplusmaxguide.com\/#website\"},\"datePublished\":\"2024-09-02T09:13:00+00:00\",\"dateModified\":\"2024-09-03T09:02:57+00:00\",\"breadcrumb\":{\"@id\":\"https:\/\/bingoplusmaxguide.com\/kyc-policy-of-bpm\/#breadcrumb\"},\"inLanguage\":\"vi-VN\",\"potentialAction\":[{\"@type\":\"ReadAction\",\"target\":[\"https:\/\/bingoplusmaxguide.com\/kyc-policy-of-bpm\/\"]}]},{\"@type\":\"BreadcrumbList\",\"@id\":\"https:\/\/bingoplusmaxguide.com\/kyc-policy-of-bpm\/#breadcrumb\",\"itemListElement\":[{\"@type\":\"ListItem\",\"position\":1,\"name\":\"Home\",\"item\":\"https:\/\/bingoplusmaxguide.com\/\"},{\"@type\":\"ListItem\",\"position\":2,\"name\":\"Ch\u00ednh s\u00e1ch x\u00e1c minh th\u00f4ng tin t\u00e0i kho\u1ea3n c\u1ee7a GA888\"}]},{\"@type\":\"WebSite\",\"@id\":\"https:\/\/bingoplusmaxguide.com\/#website\",\"url\":\"https:\/\/bingoplusmaxguide.com\/\",\"name\":\"Bingo Plus Max Guide\",\"description\":\"\",\"potentialAction\":[{\"@type\":\"SearchAction\",\"target\":{\"@type\":\"EntryPoint\",\"urlTemplate\":\"https:\/\/bingoplusmaxguide.com\/?s={search_term_string}\"},\"query-input\":{\"@type\":\"PropertyValueSpecification\",\"valueRequired\":true,\"valueName\":\"search_term_string\"}}],\"inLanguage\":\"vi-VN\"}]}<\/script>\n<!-- \/ Yoast SEO plugin. -->","yoast_head_json":{"title":"KYC policy of GA888","robots":{"index":"index","follow":"follow","max-snippet":"max-snippet:-1","max-image-preview":"max-image-preview:large","max-video-preview":"max-video-preview:-1"},"canonical":"https:\/\/bingoplusmaxguide.com\/kyc-policy-of-bpm\/","og_locale":"vi_VN","og_type":"article","og_title":"KYC policy of GA888","og_description":"C\u1eadp nh\u1eadt l\u1ea7n cu\u1ed1i: 23\/11\/2022 Khi ng\u01b0\u1eddi ch\u01a1i c\u00f3 t\u1ed5ng s\u1ed1 ti\u1ec1n g\u1eedi trong to\u00e0n b\u1ed9 th\u1eddi gian k\u1ec3 t\u1eeb khi tham gia t\u1ea1i MCW v\u01b0\u1ee3t qu\u00e1 2000 EUR ho\u1eb7c y\u00eau c\u1ea7u r\u00fat b\u1ea5t k\u1ef3 s\u1ed1 ti\u1ec1n n\u00e0o t\u1ea1i \u0111\u1ecba ch\u1ec9 https:\/\/mcwlink.co\/mcwguidevn, th\u00ec h\u1ecd b\u1eaft bu\u1ed9c ph\u1ea3i th\u1ef1c hi\u1ec7n quy tr\u00ecnh x\u00e1c minh th\u00f4ng tin [&hellip;]","og_url":"https:\/\/bingoplusmaxguide.com\/kyc-policy-of-bpm\/","og_site_name":"Bingo Plus Max Guide","article_modified_time":"2024-09-03T09:02:57+00:00","twitter_card":"summary_large_image","twitter_misc":{"Est. reading time":"4 minutes"},"schema":{"@context":"https:\/\/schema.org","@graph":[{"@type":"WebPage","@id":"https:\/\/bingoplusmaxguide.com\/kyc-policy-of-bpm\/","url":"https:\/\/bingoplusmaxguide.com\/kyc-policy-of-bpm\/","name":"KYC policy of GA888","isPartOf":{"@id":"https:\/\/bingoplusmaxguide.com\/#website"},"datePublished":"2024-09-02T09:13:00+00:00","dateModified":"2024-09-03T09:02:57+00:00","breadcrumb":{"@id":"https:\/\/bingoplusmaxguide.com\/kyc-policy-of-bpm\/#breadcrumb"},"inLanguage":"vi-VN","potentialAction":[{"@type":"ReadAction","target":["https:\/\/bingoplusmaxguide.com\/kyc-policy-of-bpm\/"]}]},{"@type":"BreadcrumbList","@id":"https:\/\/bingoplusmaxguide.com\/kyc-policy-of-bpm\/#breadcrumb","itemListElement":[{"@type":"ListItem","position":1,"name":"Home","item":"https:\/\/bingoplusmaxguide.com\/"},{"@type":"ListItem","position":2,"name":"Ch\u00ednh s\u00e1ch x\u00e1c minh th\u00f4ng tin t\u00e0i kho\u1ea3n c\u1ee7a GA888"}]},{"@type":"WebSite","@id":"https:\/\/bingoplusmaxguide.com\/#website","url":"https:\/\/bingoplusmaxguide.com\/","name":"Bingo Plus Max Guide","description":"","potentialAction":[{"@type":"SearchAction","target":{"@type":"EntryPoint","urlTemplate":"https:\/\/bingoplusmaxguide.com\/?s={search_term_string}"},"query-input":{"@type":"PropertyValueSpecification","valueRequired":true,"valueName":"search_term_string"}}],"inLanguage":"vi-VN"}]}},"_links":{"self":[{"href":"https:\/\/bingoplusmaxguide.com\/vi\/wp-json\/wp\/v2\/pages\/559","targetHints":{"allow":["GET"]}}],"collection":[{"href":"https:\/\/bingoplusmaxguide.com\/vi\/wp-json\/wp\/v2\/pages"}],"about":[{"href":"https:\/\/bingoplusmaxguide.com\/vi\/wp-json\/wp\/v2\/types\/page"}],"author":[{"embeddable":true,"href":"https:\/\/bingoplusmaxguide.com\/vi\/wp-json\/wp\/v2\/users\/5"}],"replies":[{"embeddable":true,"href":"https:\/\/bingoplusmaxguide.com\/vi\/wp-json\/wp\/v2\/comments?post=559"}],"version-history":[{"count":2,"href":"https:\/\/bingoplusmaxguide.com\/vi\/wp-json\/wp\/v2\/pages\/559\/revisions"}],"predecessor-version":[{"id":617,"href":"https:\/\/bingoplusmaxguide.com\/vi\/wp-json\/wp\/v2\/pages\/559\/revisions\/617"}],"wp:attachment":[{"href":"https:\/\/bingoplusmaxguide.com\/vi\/wp-json\/wp\/v2\/media?parent=559"}],"curies":[{"name":"wp","href":"https:\/\/api.w.org\/{rel}","templated":true}]}}