{"id":553,"date":"2024-09-02T09:04:51","date_gmt":"2024-09-02T09:04:51","guid":{"rendered":"https:\/\/ga888guide.com\/responsible-gaming\/"},"modified":"2024-09-03T08:42:43","modified_gmt":"2024-09-03T08:42:43","slug":"responsible-gaming","status":"publish","type":"page","link":"https:\/\/bingoplusmaxguide.com\/vi\/responsible-gaming\/","title":{"rendered":"Ch\u01a1i game c\u00f3 tr\u00e1ch nhi\u1ec7m"},"content":{"rendered":"\n<p><strong>C\u1eadp nh\u1eadt l\u1ea7n cu\u1ed1i:<\/strong> 23\/11\/2022<\/p>\n\n\n\n<p>Vui l\u00f2ng \u0111\u1ecdc k\u1ef9 th\u00f4ng tin n\u00e0y v\u00ec l\u1ee3i \u00edch c\u1ee7a ch\u00ednh b\u1ea1n.<\/p>\n\n\n\n<p><a href=\"https:\/\/bingoplusmaxguide.com\/\">https:\/\/mcwlink.co\/mcwguidekr<\/a> \u0111\u01b0\u1ee3c \u0111i\u1ec1u h\u00e0nh b\u1edfi Aurora Holdings N.V.. c\u00f3 v\u0103n ph\u00f2ng t\u1ea1i Abraham deVeerstraat 9, Curacao. S\u1ed1 \u0111\u0103ng k\u00fd c\u00f4ng ty 10692.<\/p>\n\n\n\n<p><strong>Di\u1ec5n d\u1ecbch<\/strong><\/p>\n\n\n\n<p>C\u00e1c t\u1eeb m\u00e0 ch\u1eef c\u00e1i \u0111\u1ea7u ti\u00ean \u0111\u01b0\u1ee3c vi\u1ebft hoa c\u00f3 ngh\u0129a \u0111\u01b0\u1ee3c x\u00e1c \u0111\u1ecbnh theo c\u00e1c \u0111i\u1ec1u ki\u1ec7n sau.<\/p>\n\n\n\n<p>C\u00e1c \u0111\u1ecbnh ngh\u0129a sau \u0111\u00e2y s\u1ebd c\u00f3 c\u00f9ng \u00fd ngh\u0129a b\u1ea5t k\u1ec3 ch\u00fang xu\u1ea5t hi\u1ec7n \u1edf d\u1ea1ng s\u1ed1 \u00edt hay s\u1ed1 nhi\u1ec1u.<\/p>\n\n\n\n<p><strong>C\u00e1c \u0111\u1ecbnh ngh\u0129a<\/strong><\/p>\n\n\n\n<p>V\u00ec m\u1ee5c \u0111\u00edch c\u1ee7a c\u00e1c \u0110i\u1ec1u kho\u1ea3n v\u00e0 \u0110i\u1ec1u ki\u1ec7n n\u00e0y:<\/p>\n\n\n\n<p>\u00b7 <strong>T\u00e0i kho\u1ea3n<\/strong> c\u00f3 ngh\u0129a l\u00e0 m\u1ed9t t\u00e0i kho\u1ea3n duy nh\u1ea5t \u0111\u01b0\u1ee3c t\u1ea1o cho B\u1ea1n \u0111\u1ec3 truy c\u1eadp D\u1ecbch v\u1ee5 c\u1ee7a ch\u00fang t\u00f4i ho\u1eb7c c\u00e1c ph\u1ea7n c\u1ee7a D\u1ecbch v\u1ee5 c\u1ee7a ch\u00fang t\u00f4i.<\/p>\n\n\n\n<p>\u00b7 <strong>C\u00f4ng ty<\/strong> (\u0111\u01b0\u1ee3c g\u1ecdi l\u00e0 \u201cC\u00f4ng ty\u201d, \u201cCh\u00fang t\u00f4i\u201d ho\u1eb7c \u201cC\u1ee7a ch\u00fang t\u00f4i\u201d trong Th\u1ecfa thu\u1eadn n\u00e0y) \u0111\u1ec1 c\u1eadp \u0111\u1ebfn Curacao Co.<\/p>\n\n\n\n<p>\u00b7 <strong>D\u1ecbch v\u1ee5<\/strong> \u0111\u1ec1 c\u1eadp \u0111\u1ebfn Trang web.<\/p>\n\n\n\n<p>\u00b7 <strong>Trang web<\/strong> \u0111\u1ec1 c\u1eadp \u0111\u1ebfn <a href=\"https:\/\/mcwlink.co\/mcwguidevn?\">https:\/\/mcwlink.co\/mcwguidevn<\/a>.<\/p>\n\n\n\n<p>\u00b7 <strong>B\u1ea1n<\/strong> c\u00f3 ngh\u0129a l\u00e0 c\u00e1 nh\u00e2n truy c\u1eadp ho\u1eb7c s\u1eed d\u1ee5ng D\u1ecbch v\u1ee5, ho\u1eb7c c\u00f4ng ty ho\u1eb7c ph\u00e1p nh\u00e2n kh\u00e1c thay m\u1eb7t cho c\u00e1 nh\u00e2n \u0111\u00f3 \u0111ang truy c\u1eadp ho\u1eb7c s\u1eed d\u1ee5ng D\u1ecbch v\u1ee5, n\u1ebfu c\u00f3.<\/p>\n\n\n\n<p><strong>\u0110\u00e1nh b\u1ea1c c\u00f3 tr\u00e1ch nhi\u1ec7m v\u00e0 t\u1ef1 c\u1ea5m b\u1ea3n th\u00e2n<\/strong><\/p>\n\n\n\n<p>\u0110\u1ed1i v\u1edbi ph\u1ea7n l\u1edbn Ng\u01b0\u1eddi d\u00f9ng c\u1ee7a ch\u00fang t\u00f4i, c\u1edd b\u1ea1c c\u00f3 ngh\u0129a l\u00e0 gi\u1ea3i tr\u00ed, vui v\u1ebb v\u00e0 ph\u1ea5n kh\u00edch. Nh\u01b0ng ch\u00fang t\u00f4i c\u0169ng bi\u1ebft r\u1eb1ng \u0111\u1ed1i v\u1edbi m\u1ed9t s\u1ed1 Ng\u01b0\u1eddi d\u00f9ng c\u1ee7a ch\u00fang t\u00f4i, c\u1edd b\u1ea1c c\u00f3 t\u00e1c d\u1ee5ng ph\u1ee5 ti\u00eau c\u1ef1c. Trong y khoa, c\u1edd b\u1ea1c l\u00e0 b\u1ec7nh l\u00fd t\u1eeb nhi\u1ec1u n\u0103m nh\u01b0 m\u1ed9t c\u0103n b\u1ec7nh nghi\u00eam tr\u1ecdng \u0111\u01b0\u1ee3c c\u00f4ng nh\u1eadn.<\/p>\n\n\n\n<p>K\u1ec3 t\u1eeb ng\u00e0y \u0111\u1ea7u ti\u00ean th\u00e0nh l\u1eadp, ch\u00fang t\u00f4i \u0111\u00e3 ngh\u0129 v\u1ec1 v\u1ea5n \u0111\u1ec1 n\u00e0y v\u00e0 c\u1ed1 g\u1eafng h\u1ebft s\u1ee9c \u0111\u1ec3 gi\u00fap \u0111\u1ee1. Trong ch\u00ednh s\u00e1ch \u201cC\u1edd b\u1ea1c c\u00f3 tr\u00e1ch nhi\u1ec7m\u201d, ch\u00fang t\u00f4i hi\u1ec3u nhi\u1ec1u b\u01b0\u1edbc c\u1ee7a c\u00e1c bi\u1ec7n ph\u00e1p m\u00e0 nh\u00e0 cung c\u1ea5p d\u1ecbch v\u1ee5 c\u1edd b\u1ea1c c\u00f3 \u0111\u1ec3 gi\u00fap gi\u1ea3m kh\u1ea3 n\u0103ng xu\u1ea5t hi\u1ec7n c\u00e1c t\u00e1c d\u1ee5ng ph\u1ee5 ti\u00eau c\u1ef1c. Trong tr\u01b0\u1eddng h\u1ee3p ch\u00fang \u0111\u00e3 xu\u1ea5t hi\u1ec7n, ch\u00fang t\u00f4i c\u0169ng c\u1ed1 g\u1eafng th\u1ef1c hi\u1ec7n c\u00e1c b\u01b0\u1edbc t\u00edch c\u1ef1c ch\u1ed1ng l\u1ea1i ch\u00fang.<\/p>\n\n\n\n<p>C\u00f4ng c\u1ee5 quan tr\u1ecdng nh\u1ea5t ch\u1ed1ng l\u1ea1i c\u00e1c t\u00e1c d\u1ee5ng ph\u1ee5 ti\u00eau c\u1ef1c c\u1ee7a c\u1edd b\u1ea1c l\u00e0 ki\u1ebfn th\u1ee9c v\u00e0 gi\u00e1o d\u1ee5c v\u1ec1 c\u00e1c r\u1ee7i ro c\u1ee7a c\u1edd b\u1ea1c \u0111\u1ec3 h\u1ed7 tr\u1ee3 Ng\u01b0\u1eddi d\u00f9ng c\u1ee7a ch\u00fang t\u00f4i t\u1ef1 ki\u1ec3m so\u00e1t nh\u1eb1m \u0111\u1ea3m b\u1ea3o r\u1eb1ng h\u1ecd kh\u00f4ng ph\u1ea3i ch\u1ecbu c\u00e1c t\u00e1c d\u1ee5ng ph\u1ee5 ti\u00eau c\u1ef1c.<\/p>\n\n\n\n<p><strong>Th\u00f4ng tin v\u00e0 li\u00ean h\u1ec7<\/strong><\/p>\n\n\n\n<p>Nh\u00f3m h\u1ed7 tr\u1ee3 kh\u00e1ch h\u00e0ng c\u1ee7a ch\u00fang t\u00f4i s\u1ebd gi\u00fap b\u1ea1n qua email m\u1ecdi l\u00fac m\u00e0 b\u1ea1n kh\u00f4ng ph\u1ea3i tr\u1ea3 th\u00eam b\u1ea5t k\u1ef3 chi ph\u00ed n\u00e0o:<\/p>\n\n\n\n<p>\u00b7 Email: <a href=\"mailto:info@casinomcw.com?\">info@casinomcw.com<\/a><\/p>\n\n\n\n<p>T\u1ea5t nhi\u00ean, B\u1ed9 ph\u1eadn h\u1ed7 tr\u1ee3 c\u1ee7a ch\u00fang t\u00f4i s\u1ebd kh\u00f4ng cung c\u1ea5p b\u1ea5t k\u1ef3 th\u00f4ng tin n\u00e0o v\u1ec1 B\u1ea1n m\u00e0 kh\u00f4ng c\u00f3 s\u1ef1 \u0111\u1ed3ng \u00fd c\u1ee7a B\u1ea1n cho b\u1ea5t k\u1ef3 ai kh\u00e1c<\/p>\n\n\n\n<p>Ngo\u00e0i ra, b\u1ea1n c\u0169ng c\u00f3 th\u1ec3 t\u1ef1 ki\u1ec3m tra b\u1ea3n th\u00e2n n\u1ebfu B\u1ea1n cho r\u1eb1ng B\u1ea1n \u0111\u00e3 nghi\u1ec7n c\u1edd b\u1ea1c t\u1ea1i: <a href=\"https:\/\/begambleaware.org\/gambling-problems\/do-i-have-a-gambling-problem\/?\" target=\"_blank\" rel=\"noreferrer noopener\">https:\/\/begambleaware.org\/gambling-problems\/do-i-have-a-gambling-problem\/<\/a>.<\/p>\n\n\n\n<p>V\u00e0 b\u1ea1n c\u0169ng c\u00f3 th\u1ec3 t\u00ecm th\u00eam th\u00f4ng tin v\u1ec1 nghi\u1ec7n c\u1edd b\u1ea1c t\u1ea1i: <a href=\"https:\/\/www.begambleaware.org\/safer-gambling?\" target=\"_blank\" rel=\"noreferrer noopener\">https:\/\/www.begambleaware.org\/safer-gambling\/<\/a>.<\/p>\n\n\n\n<p>C\u00e1c g\u1ee3i \u00fd h\u1eefu \u00edch v\u1ec1 c\u1edd b\u1ea1c c\u00f3 tr\u00e1ch nhi\u1ec7m t\u1ea1i https:\/\/mcwlink.co\/mcwguidekr.<\/p>\n\n\n\n<p>Ch\u00fang t\u00f4i khuy\u00ean b\u1ea1n n\u00ean suy ngh\u0129 v\u1ec1 nh\u1eefng g\u1ee3i \u00fd sau \u0111\u00e2y tr\u01b0\u1edbc khi \u0111\u00e1nh b\u1ea1c \u0111\u1ec3 \u0111\u1ea3m b\u1ea3o vi\u1ec7c \u0111\u00e1nh b\u1ea1c lu\u00f4n vui v\u1ebb cho B\u1ea1n v\u00e0 kh\u00f4ng c\u00f3 b\u1ea5t k\u1ef3 t\u00e1c d\u1ee5ng ph\u1ee5 ti\u00eau c\u1ef1c n\u00e0o:<\/p>\n\n\n\n<p>\u00b7 <strong>\u0110\u1eb7t cho m\u00ecnh m\u1ed9t gi\u1edbi h\u1ea1n ti\u1ec1n g\u1eedi<\/strong><\/p>\n\n\n\n<p>Tr\u01b0\u1edbc khi b\u1ea1n b\u1eaft \u0111\u1ea7u \u0111\u00e1nh b\u1ea1c, h\u00e3y ngh\u0129 xem b\u1ea1n c\u00f3 th\u1ec3 \u0111\u1ee7 kh\u1ea3 n\u0103ng \u0111\u00e1nh b\u1ea1c bao nhi\u00eau t\u00f9y theo t\u00ecnh h\u00ecnh t\u00e0i ch\u00ednh c\u1ee7a B\u1ea1n. Ch\u01a1i v\u1edbi s\u1ed1 ti\u1ec1n \u0111\u1ec3 gi\u1ea3i tr\u00ed v\u00e0 gi\u1ea3i tr\u00ed c\u1ee7a b\u1ea1n.<\/p>\n\n\n\n<p>\u00b7 <strong>\u0110\u1eebng c\u1ed1 g\u1eafng g\u1ee1 l\u1ea1i kho\u1ea3n l\u1ed7 b\u1eb1ng m\u1ecdi gi\u00e1<\/strong><\/p>\n\n\n\n<p>C\u1ed1 g\u1eafng kh\u00f4ng ch\u1ea5p nh\u1eadn r\u1ee7i ro l\u1edbn \u0111\u1ec3 gi\u00e0nh l\u1ea1i nh\u1eefng g\u00ec B\u1ea1n \u0111\u00e3 m\u1ea5t tr\u01b0\u1edbc \u0111\u00f3 b\u1eb1ng b\u1ea5t c\u1ee9 gi\u00e1 n\u00e0o. Ch\u01a1i \u0111\u1ec3 gi\u1ea3i tr\u00ed ch\u1ee9 kh\u00f4ng ph\u1ea3i \u0111\u1ec3 ki\u1ebfm ti\u1ec1n.<\/p>\n\n\n\n<p><strong>\u00b7 \u0110\u1eb7t cho m\u00ecnh m\u1ed9t gi\u1edbi h\u1ea1n th\u1eddi gian<\/strong><\/p>\n\n\n\n<p>S\u0110\u1eb7t cho m\u00ecnh m\u1ed9t gi\u1edbi h\u1ea1n th\u1eddi gian v\u00e0 kh\u00f4ng ph\u00e1 v\u1ee1 n\u00f3. H\u00e3y nh\u1edb r\u1eb1ng c\u1edd b\u1ea1c n\u00ean c\u00e2n b\u1eb1ng v\u1edbi c\u00e1c s\u1edf th\u00edch kh\u00e1c c\u1ee7a b\u1ea1n v\u00e0 kh\u00f4ng ph\u1ea3i l\u00e0 s\u1edf th\u00edch duy nh\u1ea5t c\u1ee7a b\u1ea1n.<\/p>\n\n\n\n<p>\u00b7 <strong>Ch\u01a1i th\u00f4ng minh<\/strong><\/p>\n\n\n\n<p>S\u1ebd th\u00f4ng minh h\u01a1n n\u1ebfu b\u1ea1n kh\u00f4ng ch\u01a1i khi b\u1ea1n \u0111ang c\u1ef1c k\u1ef3 c\u0103ng th\u1eb3ng, ch\u00e1n n\u1ea3n ho\u1eb7c ch\u1ecbu qu\u00e1 nhi\u1ec1u \u00e1p l\u1ef1c. Ngo\u00e0i ra, kh\u00f4ng ch\u01a1i khi b\u1ea1n \u0111ang ch\u1ecbu \u1ea3nh h\u01b0\u1edfng c\u1ee7a Thu\u1ed1c, Ma t\u00fay ho\u1eb7c R\u01b0\u1ee3u.<\/p>\n\n\n\n<p>\u00b7 <strong>Ngh\u1ec9 gi\u1ea3i lao<\/strong><\/p>\n\n\n\n<p>B\u1ea1n n\u00ean ngh\u1ec9 ng\u01a1i khi B\u1ea1n nh\u1eadn th\u1ea5y r\u1eb1ng B\u1ea1n c\u1ea3m th\u1ea5y m\u1ec7t m\u1ecfi ho\u1eb7c kh\u00f4ng th\u1ec3 t\u1eadp trung \u0111\u01b0\u1ee3c n\u1eefa.<\/p>\n\n\n\n<p>\u00b7 <strong>Ch\u1ec9 c\u00f3 m\u1ed9t t\u00e0i kho\u1ea3n<\/strong><\/p>\n\n\n\n<p>\u0110\u1ec3 d\u1ec5 d\u00e0ng c\u00f3 c\u00e1i nh\u00ecn t\u1ed5ng quan v\u1ec1 l\u01b0\u1ee3ng th\u1eddi gian v\u00e0 ti\u1ec1n b\u1ea1c m\u00e0 B\u1ea1n d\u00e0nh cho c\u1edd b\u1ea1c, ch\u00fang t\u00f4i khuy\u00ean b\u1ea1n kh\u00f4ng n\u00ean t\u1ea1o nhi\u1ec1u T\u00e0i kho\u1ea3n cho m\u1ed7i Ng\u01b0\u1eddi.<\/p>\n\n\n\n<p><strong>B\u1ea3o v\u1ec7 tr\u1ebb v\u1ecb th\u00e0nh ni\u00ean<\/strong><\/p>\n\n\n\n<p>\u0110\u1ec3 s\u1eed d\u1ee5ng D\u1ecbch v\u1ee5 c\u1ee7a ch\u00fang t\u00f4i, B\u1ea1n ph\u1ea3i t\u1eeb 18 tu\u1ed5i tr\u1edf l\u00ean. \u0110\u1ec3 tr\u00e1nh b\u1ecb l\u1ea1m d\u1ee5ng, h\u00e3y gi\u1eef an to\u00e0n cho d\u1eef li\u1ec7u \u0111\u0103ng nh\u1eadp c\u1ee7a B\u1ea1n kh\u1ecfi b\u1ea5t k\u1ef3 tr\u1ebb v\u1ecb th\u00e0nh ni\u00ean n\u00e0o \u1edf g\u1ea7n B\u1ea1n.<\/p>\n\n\n\n<p>V\u1ec1 c\u01a1 b\u1ea3n, ch\u00fang t\u00f4i \u0111\u1ec1 xu\u1ea5t m\u1ed9t ch\u01b0\u01a1ng tr\u00ecnh l\u1ecdc \u0111\u1ec3 tr\u00e1nh tr\u1ebb v\u1ecb th\u00e0nh ni\u00ean, \u0111\u1eb7c bi\u1ec7t l\u00e0 tr\u1ebb em, truy c\u1eadp v\u00e0o b\u1ea5t k\u1ef3 ng\u1eef c\u1ea3nh n\u00e0o tr\u00ean internet, \u0111i\u1ec1u n\u00e0y kh\u00f4ng t\u1ed1t cho ch\u00fang.<\/p>\n\n\n\n<p>\u0110\u1ed1i v\u1edbi c\u00e1c b\u1eadc cha m\u1eb9, ch\u00fang t\u00f4i c\u00f3 th\u1ec3 \u0111\u1ec1 xu\u1ea5t m\u1ed9t danh s\u00e1ch c\u00e1c b\u1ed9 l\u1ecdc internet \u0111\u1ec3 h\u1ed7 tr\u1ee3 h\u1ecd ng\u0103n con c\u00e1i h\u1ecd ti\u1ebfp x\u00fac v\u1edbi b\u1ea5t k\u1ef3 b\u1ed1i c\u1ea3nh n\u00e0o kh\u00f4ng d\u00e0nh cho h\u1ecd: <a href=\"https:\/\/famisafe.wondershare.com\/internet-filter\/best-internet-filters.html?\" target=\"_blank\" rel=\"noreferrer noopener\">https:\/\/famisafe.wondershare.com\/internet-filter\/best-internet-filters.html<\/a>.<\/p>\n\n\n\n<p><strong>T\u1ef1 lo\u1ea1i tr\u1eeb<\/strong><\/p>\n\n\n\n<p>Trong tr\u01b0\u1eddng h\u1ee3p B\u1ea1n \u0111\u01b0\u1ee3c ch\u1ea9n \u0111o\u00e1n m\u1eafc ch\u1ee9ng nghi\u1ec7n c\u1edd b\u1ea1c ho\u1eb7c c\u1ed1 g\u1eafng tr\u00e1nh xa c\u1edd b\u1ea1c v\u00ec m\u1ed9t l\u00fd do kh\u00e1c, ch\u00fang t\u00f4i mu\u1ed1n gi\u00fap b\u1ea1n tr\u00e1nh xa m\u1ecdi th\u1ee9 kh\u00f4ng c\u00f3 l\u1ee3i cho b\u1ea1n. \u201cT\u1ef1 lo\u1ea1i tr\u1eeb\u201d c\u00f3 ngh\u0129a l\u00e0 B\u1ea1n lo\u1ea1i tr\u1eeb ch\u00ednh m\u00ecnh kh\u1ecfi t\u1ea5t c\u1ea3 c\u00e1c d\u1ecbch v\u1ee5 c\u1edd b\u1ea1c, ngo\u00e0i s\u1ef1 l\u1ef1a ch\u1ecdn c\u1ee7a ch\u00ednh B\u1ea1n. Lo\u1ea1i tr\u1eeb n\u00e0y kh\u00f4ng th\u1ec3 \u0111\u01b0\u1ee3c ho\u00e0n t\u00e1c trong m\u1ed9t kho\u1ea3ng th\u1eddi gian nh\u1ea5t \u0111\u1ecbnh. N\u1ebfu b\u1ea1n mu\u1ed1n t\u1ef1 lo\u1ea1i m\u00ecnh kh\u1ecfi c\u1edd b\u1ea1c, vui l\u00f2ng nh\u1eafn tin cho nh\u00f3m h\u1ed7 tr\u1ee3 kh\u00e1ch h\u00e0ng c\u1ee7a ch\u00fang t\u00f4i v\u00e0 cho h\u1ecd kho\u1ea3ng th\u1eddi gian t\u1eeb 6 th\u00e1ng \u0111\u1ebfn 5 n\u0103m. H\u1ecd c\u0169ng s\u1ebd gi\u1ea3i th\u00edch cho b\u1ea1n t\u1ea5t c\u1ea3 c\u00e1c b\u01b0\u1edbc trong t\u01b0\u01a1ng lai v\u00e0 nh\u1eefng g\u00ec b\u1ea1n c\u1ea7n.<\/p>\n\n\n\n<p>\u00b7 Email: info@casinomcw.com<\/p>\n\n\n\n<p>Xin l\u01b0u \u00fd r\u1eb1ng T\u1ef1 Lo\u1ea1i tr\u1eeb l\u00e0 v\u0129nh vi\u1ec5n trong kho\u1ea3ng th\u1eddi gian \u0111\u00e3 \u0111\u1eb7t v\u00e0 s\u1ebd kh\u00f4ng \u0111\u01b0\u1ee3c ho\u00e0n t\u00e1c \u0111\u1ec3 b\u1ea3o v\u1ec7 ch\u00ednh b\u1ea1n..<\/p>\n\n\n\n<p>Trong th\u1eddi gian T\u1ef1 Lo\u1ea1i tr\u1eeb, b\u1ea1n kh\u00f4ng \u0111\u01b0\u1ee3c ph\u00e9p t\u1ea1o T\u00e0i kho\u1ea3n m\u1edbi v\u00e0 m\u1ecdi n\u1ed7 l\u1ef1c t\u1ea1o T\u00e0i kho\u1ea3n m\u1edbi trong th\u1eddi gian T\u1ef1 Lo\u1ea1i tr\u1eeb l\u00e0 vi ph\u1ea1m \u0110i\u1ec1u kho\u1ea3n D\u1ecbch v\u1ee5 c\u1ee7a ch\u00fang t\u00f4i v\u00e0 c\u00f3 th\u1ec3 d\u1eabn \u0111\u1ebfn vi\u1ec7c t\u00e0i kho\u1ea3n ban \u0111\u1ea7u c\u1ee7a b\u1ea1n b\u1ecb c\u1ea5m v\u0129nh vi\u1ec5n.<\/p>\n","protected":false},"excerpt":{"rendered":"<p>C\u1eadp nh\u1eadt l\u1ea7n cu\u1ed1i: 23\/11\/2022 Vui l\u00f2ng \u0111\u1ecdc k\u1ef9 th\u00f4ng tin n\u00e0y v\u00ec l\u1ee3i \u00edch c\u1ee7a ch\u00ednh b\u1ea1n. https:\/\/mcwlink.co\/mcwguidekr \u0111\u01b0\u1ee3c \u0111i\u1ec1u h\u00e0nh b\u1edfi Aurora Holdings N.V.. c\u00f3 v\u0103n ph\u00f2ng t\u1ea1i Abraham deVeerstraat 9, Curacao. S\u1ed1 \u0111\u0103ng k\u00fd c\u00f4ng ty 10692. Di\u1ec5n d\u1ecbch C\u00e1c t\u1eeb m\u00e0 ch\u1eef c\u00e1i \u0111\u1ea7u ti\u00ean \u0111\u01b0\u1ee3c vi\u1ebft hoa c\u00f3 ngh\u0129a \u0111\u01b0\u1ee3c [&hellip;]<\/p>\n","protected":false},"author":5,"featured_media":0,"parent":0,"menu_order":0,"comment_status":"closed","ping_status":"closed","template":"","meta":{"_et_pb_use_builder":"off","_et_pb_old_content":"","_et_gb_content_width":"1080","_themeisle_gutenberg_block_has_review":false,"footnotes":""},"class_list":["post-553","page","type-page","status-publish","hentry"],"yoast_head":"<!-- This site is optimized with the Yoast SEO plugin v27.2 - https:\/\/yoast.com\/product\/yoast-seo-wordpress\/ -->\n<title>Responsible Gaming<\/title>\n<meta name=\"robots\" content=\"index, follow, max-snippet:-1, max-image-preview:large, max-video-preview:-1\" \/>\n<link rel=\"canonical\" href=\"https:\/\/bingoplusmaxguide.com\/responsible-gaming\/\" \/>\n<meta property=\"og:locale\" content=\"vi_VN\" \/>\n<meta property=\"og:type\" content=\"article\" \/>\n<meta property=\"og:title\" content=\"Responsible Gaming\" \/>\n<meta property=\"og:description\" content=\"C\u1eadp nh\u1eadt l\u1ea7n cu\u1ed1i: 23\/11\/2022 Vui l\u00f2ng \u0111\u1ecdc k\u1ef9 th\u00f4ng tin n\u00e0y v\u00ec l\u1ee3i \u00edch c\u1ee7a ch\u00ednh b\u1ea1n. https:\/\/mcwlink.co\/mcwguidekr \u0111\u01b0\u1ee3c \u0111i\u1ec1u h\u00e0nh b\u1edfi Aurora Holdings N.V.. c\u00f3 v\u0103n ph\u00f2ng t\u1ea1i Abraham deVeerstraat 9, Curacao. S\u1ed1 \u0111\u0103ng k\u00fd c\u00f4ng ty 10692. Di\u1ec5n d\u1ecbch C\u00e1c t\u1eeb m\u00e0 ch\u1eef c\u00e1i \u0111\u1ea7u ti\u00ean \u0111\u01b0\u1ee3c vi\u1ebft hoa c\u00f3 ngh\u0129a \u0111\u01b0\u1ee3c [&hellip;]\" \/>\n<meta property=\"og:url\" content=\"https:\/\/bingoplusmaxguide.com\/responsible-gaming\/\" \/>\n<meta property=\"og:site_name\" content=\"Bingo Plus Max Guide\" \/>\n<meta property=\"article:modified_time\" content=\"2024-09-03T08:42:43+00:00\" \/>\n<meta name=\"twitter:card\" content=\"summary_large_image\" \/>\n<meta name=\"twitter:label1\" content=\"Est. reading time\" \/>\n\t<meta name=\"twitter:data1\" content=\"6 minutes\" \/>\n<script type=\"application\/ld+json\" class=\"yoast-schema-graph\">{\"@context\":\"https:\/\/schema.org\",\"@graph\":[{\"@type\":\"WebPage\",\"@id\":\"https:\/\/bingoplusmaxguide.com\/responsible-gaming\/\",\"url\":\"https:\/\/bingoplusmaxguide.com\/responsible-gaming\/\",\"name\":\"Responsible Gaming\",\"isPartOf\":{\"@id\":\"https:\/\/bingoplusmaxguide.com\/#website\"},\"datePublished\":\"2024-09-02T09:04:51+00:00\",\"dateModified\":\"2024-09-03T08:42:43+00:00\",\"breadcrumb\":{\"@id\":\"https:\/\/bingoplusmaxguide.com\/responsible-gaming\/#breadcrumb\"},\"inLanguage\":\"vi-VN\",\"potentialAction\":[{\"@type\":\"ReadAction\",\"target\":[\"https:\/\/bingoplusmaxguide.com\/responsible-gaming\/\"]}]},{\"@type\":\"BreadcrumbList\",\"@id\":\"https:\/\/bingoplusmaxguide.com\/responsible-gaming\/#breadcrumb\",\"itemListElement\":[{\"@type\":\"ListItem\",\"position\":1,\"name\":\"Home\",\"item\":\"https:\/\/bingoplusmaxguide.com\/\"},{\"@type\":\"ListItem\",\"position\":2,\"name\":\"Ch\u01a1i game c\u00f3 tr\u00e1ch nhi\u1ec7m\"}]},{\"@type\":\"WebSite\",\"@id\":\"https:\/\/bingoplusmaxguide.com\/#website\",\"url\":\"https:\/\/bingoplusmaxguide.com\/\",\"name\":\"Bingo Plus Max Guide\",\"description\":\"\",\"potentialAction\":[{\"@type\":\"SearchAction\",\"target\":{\"@type\":\"EntryPoint\",\"urlTemplate\":\"https:\/\/bingoplusmaxguide.com\/?s={search_term_string}\"},\"query-input\":{\"@type\":\"PropertyValueSpecification\",\"valueRequired\":true,\"valueName\":\"search_term_string\"}}],\"inLanguage\":\"vi-VN\"}]}<\/script>\n<!-- \/ Yoast SEO plugin. -->","yoast_head_json":{"title":"Responsible Gaming","robots":{"index":"index","follow":"follow","max-snippet":"max-snippet:-1","max-image-preview":"max-image-preview:large","max-video-preview":"max-video-preview:-1"},"canonical":"https:\/\/bingoplusmaxguide.com\/responsible-gaming\/","og_locale":"vi_VN","og_type":"article","og_title":"Responsible Gaming","og_description":"C\u1eadp nh\u1eadt l\u1ea7n cu\u1ed1i: 23\/11\/2022 Vui l\u00f2ng \u0111\u1ecdc k\u1ef9 th\u00f4ng tin n\u00e0y v\u00ec l\u1ee3i \u00edch c\u1ee7a ch\u00ednh b\u1ea1n. https:\/\/mcwlink.co\/mcwguidekr \u0111\u01b0\u1ee3c \u0111i\u1ec1u h\u00e0nh b\u1edfi Aurora Holdings N.V.. c\u00f3 v\u0103n ph\u00f2ng t\u1ea1i Abraham deVeerstraat 9, Curacao. S\u1ed1 \u0111\u0103ng k\u00fd c\u00f4ng ty 10692. Di\u1ec5n d\u1ecbch C\u00e1c t\u1eeb m\u00e0 ch\u1eef c\u00e1i \u0111\u1ea7u ti\u00ean \u0111\u01b0\u1ee3c vi\u1ebft hoa c\u00f3 ngh\u0129a \u0111\u01b0\u1ee3c [&hellip;]","og_url":"https:\/\/bingoplusmaxguide.com\/responsible-gaming\/","og_site_name":"Bingo Plus Max Guide","article_modified_time":"2024-09-03T08:42:43+00:00","twitter_card":"summary_large_image","twitter_misc":{"Est. reading time":"6 minutes"},"schema":{"@context":"https:\/\/schema.org","@graph":[{"@type":"WebPage","@id":"https:\/\/bingoplusmaxguide.com\/responsible-gaming\/","url":"https:\/\/bingoplusmaxguide.com\/responsible-gaming\/","name":"Responsible Gaming","isPartOf":{"@id":"https:\/\/bingoplusmaxguide.com\/#website"},"datePublished":"2024-09-02T09:04:51+00:00","dateModified":"2024-09-03T08:42:43+00:00","breadcrumb":{"@id":"https:\/\/bingoplusmaxguide.com\/responsible-gaming\/#breadcrumb"},"inLanguage":"vi-VN","potentialAction":[{"@type":"ReadAction","target":["https:\/\/bingoplusmaxguide.com\/responsible-gaming\/"]}]},{"@type":"BreadcrumbList","@id":"https:\/\/bingoplusmaxguide.com\/responsible-gaming\/#breadcrumb","itemListElement":[{"@type":"ListItem","position":1,"name":"Home","item":"https:\/\/bingoplusmaxguide.com\/"},{"@type":"ListItem","position":2,"name":"Ch\u01a1i game c\u00f3 tr\u00e1ch nhi\u1ec7m"}]},{"@type":"WebSite","@id":"https:\/\/bingoplusmaxguide.com\/#website","url":"https:\/\/bingoplusmaxguide.com\/","name":"Bingo Plus Max Guide","description":"","potentialAction":[{"@type":"SearchAction","target":{"@type":"EntryPoint","urlTemplate":"https:\/\/bingoplusmaxguide.com\/?s={search_term_string}"},"query-input":{"@type":"PropertyValueSpecification","valueRequired":true,"valueName":"search_term_string"}}],"inLanguage":"vi-VN"}]}},"_links":{"self":[{"href":"https:\/\/bingoplusmaxguide.com\/vi\/wp-json\/wp\/v2\/pages\/553","targetHints":{"allow":["GET"]}}],"collection":[{"href":"https:\/\/bingoplusmaxguide.com\/vi\/wp-json\/wp\/v2\/pages"}],"about":[{"href":"https:\/\/bingoplusmaxguide.com\/vi\/wp-json\/wp\/v2\/types\/page"}],"author":[{"embeddable":true,"href":"https:\/\/bingoplusmaxguide.com\/vi\/wp-json\/wp\/v2\/users\/5"}],"replies":[{"embeddable":true,"href":"https:\/\/bingoplusmaxguide.com\/vi\/wp-json\/wp\/v2\/comments?post=553"}],"version-history":[{"count":2,"href":"https:\/\/bingoplusmaxguide.com\/vi\/wp-json\/wp\/v2\/pages\/553\/revisions"}],"predecessor-version":[{"id":613,"href":"https:\/\/bingoplusmaxguide.com\/vi\/wp-json\/wp\/v2\/pages\/553\/revisions\/613"}],"wp:attachment":[{"href":"https:\/\/bingoplusmaxguide.com\/vi\/wp-json\/wp\/v2\/media?parent=553"}],"curies":[{"name":"wp","href":"https:\/\/api.w.org\/{rel}","templated":true}]}}