{"id":551,"date":"2024-09-02T09:00:18","date_gmt":"2024-09-02T09:00:18","guid":{"rendered":"https:\/\/ga888guide.com\/security\/"},"modified":"2024-09-03T08:26:51","modified_gmt":"2024-09-03T08:26:51","slug":"security","status":"publish","type":"page","link":"https:\/\/bingoplusmaxguide.com\/vi\/security\/","title":{"rendered":"B\u1ea3o M\u1eadt"},"content":{"rendered":"\n<p><strong>GA888 B\u1ea3o m\u1eadt<\/strong><\/p>\n\n\n\n<p>Ch\u00fang t\u00f4i duy tr\u00ec c\u00e1c ph\u01b0\u01a1ng ti\u1ec7n s\u1eb5n c\u00f3 t\u1ed1i \u0111a \u0111\u1ec3 \u0111\u1ea3m b\u1ea3o r\u1eb1ng th\u00f4ng tin c\u1ee7a b\u1ea1n v\u1eabn an to\u00e0n v\u1edbi ch\u00fang t\u00f4i. T\u1ea5t c\u1ea3 th\u00f4ng tin \u0111\u01b0\u1ee3c chuy\u1ec3n b\u1eb1ng c\u00f4ng ngh\u1ec7 m\u00e3 h\u00f3a v\u00e0 sau khi \u0111\u01b0\u1ee3c l\u01b0u tr\u1eef tr\u00ean m\u00e1y ch\u1ee7 c\u1ee7a ch\u00fang t\u00f4i, th\u00f4ng tin \u0111\u00f3 s\u1ebd \u0111\u01b0\u1ee3c duy tr\u00ec an to\u00e0n b\u1eb1ng c\u00e1ch s\u1eed d\u1ee5ng c\u00e1c c\u00f4ng ngh\u1ec7 T\u01b0\u1eddng l\u1eeda m\u1edbi nh\u1ea5t hi\u1ec7n nay. C\u1ea3 trang web v\u00e0 ph\u1ea7n m\u1ec1m c\u1ee7a ch\u00fang t\u00f4i \u0111\u1ec1u s\u1eed d\u1ee5ng t\u1ea5t c\u1ea3 c\u00e1c ph\u01b0\u01a1ng ti\u1ec7n s\u1eb5n c\u00f3 \u0111\u1ec3 duy tr\u00ec t\u00ednh ch\u00ednh x\u00e1c v\u00e0 quy\u1ec1n ri\u00eang t\u01b0 c\u1ee7a d\u1eef li\u1ec7u c\u0169ng nh\u01b0 \u0111\u1ec3 b\u1ea3o v\u1ec7 d\u1eef li\u1ec7u c\u1ee7a b\u1ea1n kh\u00f4ng b\u1ecb l\u1ea1m d\u1ee5ng v\u00e0 \/ ho\u1eb7c b\u1ecb m\u1ea5t.<\/p>\n\n\n\n<p>N\u1ebfu b\u1ea1n c\u00f3 b\u1ea5t k\u1ef3 c\u00e2u h\u1ecfi ho\u1eb7c th\u1eafc m\u1eafc n\u00e0o kh\u00e1c li\u00ean quan \u0111\u1ebfn quy\u1ec1n ri\u00eang t\u01b0 v\u00e0 b\u1ea3o m\u1eadt d\u1eef li\u1ec7u, vui l\u00f2ng li\u00ean h\u1ec7 v\u1edbi b\u1ed9 ph\u1eadn H\u1ed7 tr\u1ee3 kh\u00e1ch h\u00e0ng c\u1ee7a ch\u00fang t\u00f4i b\u1ea5t k\u1ef3 l\u00fac n\u00e0o, 24 gi\u1edd m\u1ed9t ng\u00e0y v\u00e0 7 ng\u00e0y m\u1ed9t tu\u1ea7n. \u0110\u1ea1i di\u1ec7n H\u1ed7 tr\u1ee3 kh\u00e1ch h\u00e0ng c\u1ee7a ch\u00fang t\u00f4i s\u1ebd r\u1ea5t s\u1eb5n l\u00f2ng h\u1ed7 tr\u1ee3 b\u1ea1n.<\/p>\n\n\n\n<p><strong>Ch\u00ednh s\u00e1ch cookie<\/strong><\/p>\n\n\n\n<p>GA888 h\u01b0\u1edbng t\u1edbi vi\u1ec7c cung c\u1ea5p cho b\u1ea1n d\u1ecbch v\u1ee5 v\u00e0 tr\u1ea3i nghi\u1ec7m ng\u01b0\u1eddi d\u00f9ng t\u1ed1t nh\u1ea5t t\u1ea1i m\u1ecdi th\u1eddi \u0111i\u1ec3m. M\u1ed9t trong nh\u1eefng c\u00e1ch c\u1ee7a ch\u00fang t\u00f4i \u0111\u1ec3 cung c\u1ea5p \u0111i\u1ec1u n\u00e0y l\u00e0 s\u1eed d\u1ee5ng Cookie.<\/p>\n\n\n\n<p><strong>\u201cCookie\u201d l\u00e0 g\u00ec?<\/strong><\/p>\n\n\n\n<p>M\u1ed9t Cookie, c\u00f2n \u0111\u01b0\u1ee3c g\u1ecdi l\u00e0 Tr\u00ecnh Duy\u1ec7t ho\u1eb7c Cookie Theo D\u00f5i s\u1ebd g\u1eedi m\u1ed9t m\u1ea9u tin nh\u1ecf t\u1eeb m\u1ed9t m\u00e1y ch\u1ee7 web \u0111\u1ebfn tr\u00ecnh duy\u1ec7t web \u0111\u1ec3 cho ph\u00e9p m\u00e1y ch\u1ee7 thu th\u1eadp th\u00f4ng tin t\u1eeb tr\u00ecnh duy\u1ec7t. Khi b\u1ea1n t\u1ea3i m\u1ed9t trang web c\u1ee5 th\u1ec3, cookies \u0111\u01b0\u1ee3c t\u1ea1o ra v\u00e0 m\u1ed7i khi ng\u01b0\u1eddi d\u00f9ng quay tr\u1edf l\u1ea1i c\u00f9ng m\u1ed9t trang web, tr\u00ecnh duy\u1ec7t \u0111\u00f3 s\u1ebd l\u1ea5y v\u00e0 g\u1eedi th\u00f4ng tin thu th\u1eadp \u0111\u01b0\u1ee3c \u0111\u1ebfn m\u00e1y ch\u1ee7 c\u1ee7a trang web.<\/p>\n\n\n\n<p>Cookies \u0111\u01b0\u1ee3c s\u1eed d\u1ee5ng \u0111\u1ec3 gi\u00fap ng\u01b0\u1eddi d\u00f9ng \u0111i\u1ec1u h\u01b0\u1edbng trang web c\u1ee7a h\u1ecd m\u1ed9t c\u00e1ch hi\u1ec7u qu\u1ea3 v\u00e0 th\u1ef1c hi\u1ec7n c\u00e1c ch\u1ee9c n\u0103ng nh\u1ea5t \u0111\u1ecbnh. Do vai tr\u00f2 c\u1ed1t l\u00f5i c\u1ee7a ch\u00fang l\u00e0 t\u0103ng c\u01b0\u1eddng \/ cho ph\u00e9p kh\u1ea3 n\u0103ng s\u1eed d\u1ee5ng ho\u1eb7c c\u00e1c qu\u00e1 tr\u00ecnh duy\u1ec7t web, v\u00f4 hi\u1ec7u ho\u00e1 c\u00e1c cookie c\u00f3 th\u1ec3 ng\u0103n ch\u1eb7n ng\u01b0\u1eddi d\u00f9ng s\u1eed d\u1ee5ng ch\u1ee9c n\u0103ng nh\u1ea5t \u0111\u1ecbnh c\u1ee7a c\u00e1c trang web.<\/p>\n\n\n\n<p><strong>C\u00e1ch GA888 s\u1eed d\u1ee5ng Cookie<\/strong><\/p>\n\n\n\n<p>N\u00f3i chung, GA888 s\u1eed d\u1ee5ng cookie \u0111\u1ec3 c\u1ea3i thi\u1ec7n tr\u1ea3i nghi\u1ec7m ng\u01b0\u1eddi d\u00f9ng. \u0110\u1ec3 b\u1ea1n c\u00f3 c\u00e1i nh\u00ecn v\u00e0 hi\u1ec3u r\u00f5 h\u01a1n, ch\u00fang t\u00f4i \u0111\u00e3 cung c\u1ea5p b\u00ean d\u01b0\u1edbi c\u00e1ch cookie \u0111\u01b0\u1ee3c s\u1eed d\u1ee5ng tr\u00ean c\u00e1c trang web c\u1ee7a ch\u00fang t\u00f4i.<\/p>\n\n\n\n<p><strong>Theo d\u00f5i v\u00e0 ph\u00e2n t\u00edch<\/strong><\/p>\n\n\n\n<p>Cookie \u0111\u01b0\u1ee3c s\u1eed d\u1ee5ng \u0111\u1ec3 ph\u00e2n t\u00edch l\u01b0u l\u01b0\u1ee3ng truy c\u1eadp trang web nh\u1eb1m c\u1ea3i thi\u1ec7n h\u01a1n n\u1eefa c\u00e1c d\u1ecbch v\u1ee5 trang web c\u1ee7a ch\u00fang t\u00f4i.<\/p>\n\n\n\n<p>\u0110\u01b0\u1ee3c s\u1eed d\u1ee5ng \u0111\u1ec3 thu th\u1eadp th\u00f4ng tin s\u1ebd \u0111\u01b0\u1ee3c s\u1eed d\u1ee5ng cho ch\u01b0\u01a1ng tr\u00ecnh li\u00ean k\u1ebft GA888.<\/p>\n\n\n\n<p>Ph\u00e2n t\u00edch c\u00e1ch ng\u01b0\u1eddi d\u00f9ng di chuy\u1ec3n b\u00ean trong trang web v\u00e0 thu th\u1eadp th\u00f4ng tin v\u1ec1 c\u00e1ch kh\u00e1ch truy c\u1eadp s\u1eed d\u1ee5ng trang web c\u1ee7a ch\u00fang t\u00f4i. GA888 s\u1eed d\u1ee5ng th\u00f4ng tin n\u00e0y \u0111\u1ec3 bi\u00ean so\u1ea1n b\u00e1o c\u00e1o v\u00e0 gi\u00fap ch\u00fang t\u00f4i c\u1ea3i thi\u1ec7n d\u1ecbch v\u1ee5 c\u1ee7a m\u00ecnh.<\/p>\n\n\n\n<p><strong>Ch\u1ee9c n\u0103ng<\/strong><\/p>\n\n\n\n<p>\u0110i\u1ec1u n\u00e0y s\u1ebd cho ph\u00e9p ch\u00fang t\u00f4i nh\u1eadn ra b\u1ea1n l\u00e0 kh\u00e1ch truy c\u1eadp tr\u1edf l\u1ea1i v\u00e0 hi\u1ec3n th\u1ecb n\u1ed9i dung \u01b0a th\u00edch c\u1ee7a b\u1ea1n.<\/p>\n\n\n\n<p>\u0110\u01b0\u1ee3c s\u1eed d\u1ee5ng \u0111\u1ec3 t\u0103ng t\u1ed1c v\u00e0 n\u00e2ng cao tr\u1ea3i nghi\u1ec7m c\u1ee7a b\u1ea1n v\u1ec1 c\u00e1c d\u1ecbch v\u1ee5 c\u1ee7a ch\u00fang t\u00f4i cung c\u1ea5p.<\/p>\n\n\n\n<p>Cookie \u0111\u01b0\u1ee3c s\u1eed d\u1ee5ng cho c\u00e1c d\u1ecbch v\u1ee5 tr\u00f2 chuy\u1ec7n tr\u1ef1c tuy\u1ebfn \u0111\u1ec3 cung c\u1ea5p h\u1ed7 tr\u1ee3 cho kh\u00e1ch truy c\u1eadp c\u1ee7a ch\u00fang t\u00f4i.<\/p>\n\n\n\n<p>GA888 \u0111\u1eb7c bi\u1ec7t s\u1eed d\u1ee5ng Session cookie v\u00e0 Persistent cookie. C\u00e1c session cookie s\u1ebd \u0111\u01b0\u1ee3c l\u01b0u trong b\u1ed9 nh\u1edb c\u1ee7a m\u00e1y t\u00ednh ch\u1ec9 trong phi\u00ean duy\u1ec7t web v\u00e0 s\u1ebd t\u1ef1 \u0111\u1ed9ng x\u00f3a kh\u1ecfi m\u00e1y t\u00ednh khi tr\u00ecnh duy\u1ec7t \u0111\u00f3ng l\u1ea1i, c\u00f2n Persistent cookie s\u1ebd \u0111\u01b0\u1ee3c l\u01b0u tr\u1eef tr\u00ean tr\u00ecnh duy\u1ec7t c\u1ee7a b\u1ea1n t\u1eeb v\u00e0i ph\u00fat \u0111\u1ebfn h\u00e0ng n\u0103m t\u00f9y thu\u1ed9c v\u00e0o lo\u1ea1i cookie.<\/p>\n\n\n\n<p><strong>C\u00e1ch qu\u1ea3n l\u00fd cookie<\/strong><\/p>\n\n\n\n<p>B\u1ea1n lu\u00f4n c\u00f3 th\u1ec3 thi\u1ebft l\u1eadp c\u1ea5u h\u00ecnh tr\u00ecnh duy\u1ec7t c\u1ee7a m\u00ecnh n\u1ebfu b\u1ea1n mu\u1ed1n v\u00f4 hi\u1ec7u h\u00f3a, x\u00f3a hay d\u1eebng l\u01b0u tr\u1eef c\u00e1c t\u1eadp tin cookie tr\u00ean m\u00e1y t\u00ednh c\u1ee7a b\u1ea1n b\u1eb1ng c\u00e1ch x\u00f3a ho\u1eb7c thay \u0111\u1ed5i c\u00e0i \u0111\u1eb7t b\u1ea3o m\u1eadt c\u1ee7a tr\u00ecnh duy\u1ec7t c\u1ee7a b\u1ea1n. Tuy nhi\u00ean xin vui l\u00f2ng l\u01b0u \u00fd r\u1eb1ng vi\u1ec7c v\u00f4 hi\u1ec7u h\u00f3a c\u00e1c cookie c\u00f3 th\u1ec3 \u1ea3nh h\u01b0\u1edfng \u0111\u1ebfn m\u1ed9t s\u1ed1 d\u1ecbch v\u1ee5 ho\u1eb7c c\u00e1c t\u00ednh n\u0103ng ch\u00fang t\u00f4i cung c\u1ea5p.<\/p>\n\n\n\n<p><strong>GA888 Official<\/strong><\/p>\n\n\n\n<p>H\u00e3y c\u1ea3nh gi\u00e1c v\u1edbi c\u00e1c \u0111\u01a1n v\u1ecb kh\u00f4ng c\u00f3 gi\u1ea5y ph\u00e9p v\u00e0 kh\u00f4ng \u0111\u01b0\u1ee3c ki\u1ec3m so\u00e1t \u0111ang c\u1ed1 g\u1eafng \u0111\u1ec3 t\u00e1i t\u1ea1o c\u00e1c trang web c\u1ee7a GA888 v\u1edbi m\u1ee5c \u0111\u00edch x\u1ea5u. Nh\u1eefng trang web gi\u1ea3 kh\u00f4ng li\u00ean quan \u0111\u1ebfn GA888 trong b\u1ea5t k\u1ef3 tr\u01b0\u1eddng h\u1ee3p n\u00e0o l\u00e0 ngo\u00e0i t\u1ea7m ki\u1ec3m so\u00e1t v\u00e0 b\u1ea3o v\u1ec7 c\u1ee7a ch\u00fang t\u00f4i. \u0110\u1ed1i v\u1edbi c\u00e1c ti\u00eau chu\u1ea9n b\u1ea3o m\u1eadt cao nh\u1ea5t, ch\u1ec9 ch\u01a1i t\u1ea1i trang web ch\u00ednh th\u1ee9c c\u1ee7a GA888. \u0110\u1ec3 bi\u1ebft th\u00eam th\u00f4ng tin, h\u00e3y truy c\u1eadp <a href=\"https:\/\/mcwlink.co\/mcwguidevn.\" target=\"_blank\" rel=\"noreferrer noopener\">https:\/\/mcwlink.co\/mcwguidevn.<\/a><\/p>\n","protected":false},"excerpt":{"rendered":"<p>GA888 B\u1ea3o m\u1eadt Ch\u00fang t\u00f4i duy tr\u00ec c\u00e1c ph\u01b0\u01a1ng ti\u1ec7n s\u1eb5n c\u00f3 t\u1ed1i \u0111a \u0111\u1ec3 \u0111\u1ea3m b\u1ea3o r\u1eb1ng th\u00f4ng tin c\u1ee7a b\u1ea1n v\u1eabn an to\u00e0n v\u1edbi ch\u00fang t\u00f4i. T\u1ea5t c\u1ea3 th\u00f4ng tin \u0111\u01b0\u1ee3c chuy\u1ec3n b\u1eb1ng c\u00f4ng ngh\u1ec7 m\u00e3 h\u00f3a v\u00e0 sau khi \u0111\u01b0\u1ee3c l\u01b0u tr\u1eef tr\u00ean m\u00e1y ch\u1ee7 c\u1ee7a ch\u00fang t\u00f4i, th\u00f4ng tin \u0111\u00f3 s\u1ebd [&hellip;]<\/p>\n","protected":false},"author":5,"featured_media":0,"parent":0,"menu_order":0,"comment_status":"closed","ping_status":"closed","template":"","meta":{"_et_pb_use_builder":"off","_et_pb_old_content":"","_et_gb_content_width":"1080","_themeisle_gutenberg_block_has_review":false,"footnotes":""},"class_list":["post-551","page","type-page","status-publish","hentry"],"yoast_head":"<!-- This site is optimized with the Yoast SEO plugin v27.2 - https:\/\/yoast.com\/product\/yoast-seo-wordpress\/ -->\n<title>Security<\/title>\n<meta name=\"robots\" content=\"index, follow, max-snippet:-1, max-image-preview:large, max-video-preview:-1\" \/>\n<link rel=\"canonical\" href=\"https:\/\/bingoplusmaxguide.com\/security\/\" \/>\n<meta property=\"og:locale\" content=\"vi_VN\" \/>\n<meta property=\"og:type\" content=\"article\" \/>\n<meta property=\"og:title\" content=\"Security\" \/>\n<meta property=\"og:description\" content=\"GA888 B\u1ea3o m\u1eadt Ch\u00fang t\u00f4i duy tr\u00ec c\u00e1c ph\u01b0\u01a1ng ti\u1ec7n s\u1eb5n c\u00f3 t\u1ed1i \u0111a \u0111\u1ec3 \u0111\u1ea3m b\u1ea3o r\u1eb1ng th\u00f4ng tin c\u1ee7a b\u1ea1n v\u1eabn an to\u00e0n v\u1edbi ch\u00fang t\u00f4i. T\u1ea5t c\u1ea3 th\u00f4ng tin \u0111\u01b0\u1ee3c chuy\u1ec3n b\u1eb1ng c\u00f4ng ngh\u1ec7 m\u00e3 h\u00f3a v\u00e0 sau khi \u0111\u01b0\u1ee3c l\u01b0u tr\u1eef tr\u00ean m\u00e1y ch\u1ee7 c\u1ee7a ch\u00fang t\u00f4i, th\u00f4ng tin \u0111\u00f3 s\u1ebd [&hellip;]\" \/>\n<meta property=\"og:url\" content=\"https:\/\/bingoplusmaxguide.com\/security\/\" \/>\n<meta property=\"og:site_name\" content=\"Bingo Plus Max Guide\" \/>\n<meta property=\"article:modified_time\" content=\"2024-09-03T08:26:51+00:00\" \/>\n<meta name=\"twitter:card\" content=\"summary_large_image\" \/>\n<meta name=\"twitter:label1\" content=\"Est. reading time\" \/>\n\t<meta name=\"twitter:data1\" content=\"4 minutes\" \/>\n<script type=\"application\/ld+json\" class=\"yoast-schema-graph\">{\"@context\":\"https:\/\/schema.org\",\"@graph\":[{\"@type\":\"WebPage\",\"@id\":\"https:\/\/bingoplusmaxguide.com\/security\/\",\"url\":\"https:\/\/bingoplusmaxguide.com\/security\/\",\"name\":\"Security\",\"isPartOf\":{\"@id\":\"https:\/\/bingoplusmaxguide.com\/#website\"},\"datePublished\":\"2024-09-02T09:00:18+00:00\",\"dateModified\":\"2024-09-03T08:26:51+00:00\",\"breadcrumb\":{\"@id\":\"https:\/\/bingoplusmaxguide.com\/security\/#breadcrumb\"},\"inLanguage\":\"vi-VN\",\"potentialAction\":[{\"@type\":\"ReadAction\",\"target\":[\"https:\/\/bingoplusmaxguide.com\/security\/\"]}]},{\"@type\":\"BreadcrumbList\",\"@id\":\"https:\/\/bingoplusmaxguide.com\/security\/#breadcrumb\",\"itemListElement\":[{\"@type\":\"ListItem\",\"position\":1,\"name\":\"Home\",\"item\":\"https:\/\/bingoplusmaxguide.com\/\"},{\"@type\":\"ListItem\",\"position\":2,\"name\":\"B\u1ea3o M\u1eadt\"}]},{\"@type\":\"WebSite\",\"@id\":\"https:\/\/bingoplusmaxguide.com\/#website\",\"url\":\"https:\/\/bingoplusmaxguide.com\/\",\"name\":\"Bingo Plus Max Guide\",\"description\":\"\",\"potentialAction\":[{\"@type\":\"SearchAction\",\"target\":{\"@type\":\"EntryPoint\",\"urlTemplate\":\"https:\/\/bingoplusmaxguide.com\/?s={search_term_string}\"},\"query-input\":{\"@type\":\"PropertyValueSpecification\",\"valueRequired\":true,\"valueName\":\"search_term_string\"}}],\"inLanguage\":\"vi-VN\"}]}<\/script>\n<!-- \/ Yoast SEO plugin. -->","yoast_head_json":{"title":"Security","robots":{"index":"index","follow":"follow","max-snippet":"max-snippet:-1","max-image-preview":"max-image-preview:large","max-video-preview":"max-video-preview:-1"},"canonical":"https:\/\/bingoplusmaxguide.com\/security\/","og_locale":"vi_VN","og_type":"article","og_title":"Security","og_description":"GA888 B\u1ea3o m\u1eadt Ch\u00fang t\u00f4i duy tr\u00ec c\u00e1c ph\u01b0\u01a1ng ti\u1ec7n s\u1eb5n c\u00f3 t\u1ed1i \u0111a \u0111\u1ec3 \u0111\u1ea3m b\u1ea3o r\u1eb1ng th\u00f4ng tin c\u1ee7a b\u1ea1n v\u1eabn an to\u00e0n v\u1edbi ch\u00fang t\u00f4i. T\u1ea5t c\u1ea3 th\u00f4ng tin \u0111\u01b0\u1ee3c chuy\u1ec3n b\u1eb1ng c\u00f4ng ngh\u1ec7 m\u00e3 h\u00f3a v\u00e0 sau khi \u0111\u01b0\u1ee3c l\u01b0u tr\u1eef tr\u00ean m\u00e1y ch\u1ee7 c\u1ee7a ch\u00fang t\u00f4i, th\u00f4ng tin \u0111\u00f3 s\u1ebd [&hellip;]","og_url":"https:\/\/bingoplusmaxguide.com\/security\/","og_site_name":"Bingo Plus Max Guide","article_modified_time":"2024-09-03T08:26:51+00:00","twitter_card":"summary_large_image","twitter_misc":{"Est. reading time":"4 minutes"},"schema":{"@context":"https:\/\/schema.org","@graph":[{"@type":"WebPage","@id":"https:\/\/bingoplusmaxguide.com\/security\/","url":"https:\/\/bingoplusmaxguide.com\/security\/","name":"Security","isPartOf":{"@id":"https:\/\/bingoplusmaxguide.com\/#website"},"datePublished":"2024-09-02T09:00:18+00:00","dateModified":"2024-09-03T08:26:51+00:00","breadcrumb":{"@id":"https:\/\/bingoplusmaxguide.com\/security\/#breadcrumb"},"inLanguage":"vi-VN","potentialAction":[{"@type":"ReadAction","target":["https:\/\/bingoplusmaxguide.com\/security\/"]}]},{"@type":"BreadcrumbList","@id":"https:\/\/bingoplusmaxguide.com\/security\/#breadcrumb","itemListElement":[{"@type":"ListItem","position":1,"name":"Home","item":"https:\/\/bingoplusmaxguide.com\/"},{"@type":"ListItem","position":2,"name":"B\u1ea3o M\u1eadt"}]},{"@type":"WebSite","@id":"https:\/\/bingoplusmaxguide.com\/#website","url":"https:\/\/bingoplusmaxguide.com\/","name":"Bingo Plus Max Guide","description":"","potentialAction":[{"@type":"SearchAction","target":{"@type":"EntryPoint","urlTemplate":"https:\/\/bingoplusmaxguide.com\/?s={search_term_string}"},"query-input":{"@type":"PropertyValueSpecification","valueRequired":true,"valueName":"search_term_string"}}],"inLanguage":"vi-VN"}]}},"_links":{"self":[{"href":"https:\/\/bingoplusmaxguide.com\/vi\/wp-json\/wp\/v2\/pages\/551","targetHints":{"allow":["GET"]}}],"collection":[{"href":"https:\/\/bingoplusmaxguide.com\/vi\/wp-json\/wp\/v2\/pages"}],"about":[{"href":"https:\/\/bingoplusmaxguide.com\/vi\/wp-json\/wp\/v2\/types\/page"}],"author":[{"embeddable":true,"href":"https:\/\/bingoplusmaxguide.com\/vi\/wp-json\/wp\/v2\/users\/5"}],"replies":[{"embeddable":true,"href":"https:\/\/bingoplusmaxguide.com\/vi\/wp-json\/wp\/v2\/comments?post=551"}],"version-history":[{"count":3,"href":"https:\/\/bingoplusmaxguide.com\/vi\/wp-json\/wp\/v2\/pages\/551\/revisions"}],"predecessor-version":[{"id":611,"href":"https:\/\/bingoplusmaxguide.com\/vi\/wp-json\/wp\/v2\/pages\/551\/revisions\/611"}],"wp:attachment":[{"href":"https:\/\/bingoplusmaxguide.com\/vi\/wp-json\/wp\/v2\/media?parent=551"}],"curies":[{"name":"wp","href":"https:\/\/api.w.org\/{rel}","templated":true}]}}